{"id":6928,"date":"2024-02-05T14:10:33","date_gmt":"2024-02-05T07:10:33","guid":{"rendered":"https:\/\/kernik.com\/consumer-products\/"},"modified":"2025-08-06T16:14:03","modified_gmt":"2025-08-06T09:14:03","slug":"consumer-products","status":"publish","type":"page","link":"https:\/\/kernik.com\/vi\/consumer-products\/","title":{"rendered":"S\u1ea3n ph\u1ea9m ti\u00eau d\u00f9ng"},"content":{"rendered":"\n<p>N\u00e2ng t\u1ea7m nhu c\u1ea7u h\u1eb1ng ng\u00e0y c\u1ee7a b\u1ea1n v\u1edbi d\u00f2ng s\u1ea3n ph\u1ea9m ti\u00eau d\u00f9ng ti\u00ean ti\u1ebfn th\u00e2n thi\u1ec7n v\u1edbi m\u00f4i tr\u01b0\u1eddng c\u1ee7a ch\u00fang t\u00f4i. T\u1eeb c\u00e1c c\u00f4ng th\u1ee9c s\u00e1ng t\u1ea1o \u0111\u1ebfn nh\u1eefng gi\u1ea3i ph\u00e1p thi\u1ebft y\u1ebfu, s\u1ea3n ph\u1ea9m c\u1ee7a ch\u00fang t\u00f4i \u0111\u01b0\u1ee3c ch\u1ebf t\u1ea1o \u0111\u1ec3 mang l\u1ea1i hi\u1ec7u su\u1ea5t v\u01b0\u1ee3t tr\u1ed9i trong khi v\u1eabn duy tr\u00ec cam k\u1ebft m\u1ea1nh m\u1ebd v\u1ec1 t\u00ednh b\u1ec1n v\u1eefng m\u00f4i tr\u01b0\u1eddng.<\/p>\n","protected":false},"excerpt":{"rendered":"<p>N\u00e2ng t\u1ea7m nhu c\u1ea7u h\u1eb1ng ng\u00e0y c\u1ee7a b\u1ea1n v\u1edbi d\u00f2ng s\u1ea3n ph\u1ea9m ti\u00eau d\u00f9ng ti\u00ean ti\u1ebfn th\u00e2n thi\u1ec7n v\u1edbi m\u00f4i tr\u01b0\u1eddng c\u1ee7a ch\u00fang t\u00f4i. T\u1eeb c\u00e1c c\u00f4ng th\u1ee9c s\u00e1ng t\u1ea1o \u0111\u1ebfn nh\u1eefng gi\u1ea3i ph\u00e1p thi\u1ebft y\u1ebfu, s\u1ea3n ph\u1ea9m c\u1ee7a ch\u00fang t\u00f4i \u0111\u01b0\u1ee3c ch\u1ebf t\u1ea1o \u0111\u1ec3 mang l\u1ea1i hi\u1ec7u su\u1ea5t v\u01b0\u1ee3t tr\u1ed9i trong khi v\u1eabn duy&#8230;<\/p>\n","protected":false},"author":6,"featured_media":5583,"parent":0,"menu_order":0,"comment_status":"closed","ping_status":"closed","template":"p_ConsumerProducts.php","meta":{"_acf_changed":false,"footnotes":""},"class_list":["post-6928","page","type-page","status-publish","has-post-thumbnail","hentry"],"acf":[],"yoast_head":"<!-- This site is optimized with the Yoast SEO plugin v22.0 - https:\/\/yoast.com\/wordpress\/plugins\/seo\/ -->\n<title>S\u1ea3n ph\u1ea9m ti\u00eau d\u00f9ng - KERNIK | SURFACE INNOVATION<\/title>\n<meta name=\"robots\" content=\"index, follow, max-snippet:-1, max-image-preview:large, max-video-preview:-1\" \/>\n<link rel=\"canonical\" href=\"https:\/\/kernik.com\/vi\/consumer-products\/\" \/>\n<meta property=\"og:locale\" content=\"vi_VN\" \/>\n<meta property=\"og:type\" content=\"article\" \/>\n<meta property=\"og:title\" content=\"S\u1ea3n ph\u1ea9m ti\u00eau d\u00f9ng - KERNIK | SURFACE INNOVATION\" \/>\n<meta property=\"og:description\" content=\"N\u00e2ng t\u1ea7m nhu c\u1ea7u h\u1eb1ng ng\u00e0y c\u1ee7a b\u1ea1n v\u1edbi d\u00f2ng s\u1ea3n ph\u1ea9m ti\u00eau d\u00f9ng ti\u00ean ti\u1ebfn th\u00e2n thi\u1ec7n v\u1edbi m\u00f4i tr\u01b0\u1eddng c\u1ee7a ch\u00fang t\u00f4i. T\u1eeb c\u00e1c c\u00f4ng th\u1ee9c s\u00e1ng t\u1ea1o \u0111\u1ebfn nh\u1eefng gi\u1ea3i ph\u00e1p thi\u1ebft y\u1ebfu, s\u1ea3n ph\u1ea9m c\u1ee7a ch\u00fang t\u00f4i \u0111\u01b0\u1ee3c ch\u1ebf t\u1ea1o \u0111\u1ec3 mang l\u1ea1i hi\u1ec7u su\u1ea5t v\u01b0\u1ee3t tr\u1ed9i trong khi v\u1eabn duy...\" \/>\n<meta property=\"og:url\" content=\"https:\/\/kernik.com\/vi\/consumer-products\/\" \/>\n<meta property=\"og:site_name\" content=\"KERNIK | SURFACE INNOVATION\" \/>\n<meta property=\"article:publisher\" content=\"https:\/\/www.facebook.com\/Kernik.Thailand\" \/>\n<meta property=\"article:modified_time\" content=\"2025-08-06T09:14:03+00:00\" \/>\n<meta property=\"og:image\" content=\"https:\/\/kernik.com\/wp-content\/uploads\/2024\/02\/consumer-product-banner-img02.jpg\" \/>\n\t<meta property=\"og:image:width\" content=\"2200\" \/>\n\t<meta property=\"og:image:height\" content=\"654\" \/>\n\t<meta property=\"og:image:type\" content=\"image\/jpeg\" \/>\n<meta name=\"twitter:card\" content=\"summary_large_image\" \/>\n<meta name=\"twitter:label1\" content=\"Est. reading time\" \/>\n\t<meta name=\"twitter:data1\" content=\"1 minute\" \/>\n<script type=\"application\/ld+json\" class=\"yoast-schema-graph\">{\"@context\":\"https:\/\/schema.org\",\"@graph\":[{\"@type\":\"WebPage\",\"@id\":\"https:\/\/kernik.com\/vi\/consumer-products\/\",\"url\":\"https:\/\/kernik.com\/vi\/consumer-products\/\",\"name\":\"S\u1ea3n ph\u1ea9m ti\u00eau d\u00f9ng - KERNIK | SURFACE INNOVATION\",\"isPartOf\":{\"@id\":\"https:\/\/kernik.com\/#website\"},\"datePublished\":\"2024-02-05T07:10:33+00:00\",\"dateModified\":\"2025-08-06T09:14:03+00:00\",\"breadcrumb\":{\"@id\":\"https:\/\/kernik.com\/vi\/consumer-products\/#breadcrumb\"},\"inLanguage\":\"vi-VN\",\"potentialAction\":[{\"@type\":\"ReadAction\",\"target\":[\"https:\/\/kernik.com\/vi\/consumer-products\/\"]}]},{\"@type\":\"BreadcrumbList\",\"@id\":\"https:\/\/kernik.com\/vi\/consumer-products\/#breadcrumb\",\"itemListElement\":[{\"@type\":\"ListItem\",\"position\":1,\"name\":\"Home\",\"item\":\"https:\/\/kernik.com\/\"},{\"@type\":\"ListItem\",\"position\":2,\"name\":\"S\u1ea3n ph\u1ea9m ti\u00eau d\u00f9ng\"}]},{\"@type\":\"WebSite\",\"@id\":\"https:\/\/kernik.com\/#website\",\"url\":\"https:\/\/kernik.com\/\",\"name\":\"KERNIK | SURFACE INNOVATION\",\"description\":\"At KERNIK, we are expert in surface science. By combining the results of latest scientific researches and practical knowledge, we succeed in as the leader in surface innovations worldwide.\",\"potentialAction\":[{\"@type\":\"SearchAction\",\"target\":{\"@type\":\"EntryPoint\",\"urlTemplate\":\"https:\/\/kernik.com\/?s={search_term_string}\"},\"query-input\":\"required name=search_term_string\"}],\"inLanguage\":\"vi-VN\"}]}<\/script>\n<!-- \/ Yoast SEO plugin. -->","yoast_head_json":{"title":"S\u1ea3n ph\u1ea9m ti\u00eau d\u00f9ng - KERNIK | SURFACE INNOVATION","robots":{"index":"index","follow":"follow","max-snippet":"max-snippet:-1","max-image-preview":"max-image-preview:large","max-video-preview":"max-video-preview:-1"},"canonical":"https:\/\/kernik.com\/vi\/consumer-products\/","og_locale":"vi_VN","og_type":"article","og_title":"S\u1ea3n ph\u1ea9m ti\u00eau d\u00f9ng - KERNIK | SURFACE INNOVATION","og_description":"N\u00e2ng t\u1ea7m nhu c\u1ea7u h\u1eb1ng ng\u00e0y c\u1ee7a b\u1ea1n v\u1edbi d\u00f2ng s\u1ea3n ph\u1ea9m ti\u00eau d\u00f9ng ti\u00ean ti\u1ebfn th\u00e2n thi\u1ec7n v\u1edbi m\u00f4i tr\u01b0\u1eddng c\u1ee7a ch\u00fang t\u00f4i. T\u1eeb c\u00e1c c\u00f4ng th\u1ee9c s\u00e1ng t\u1ea1o \u0111\u1ebfn nh\u1eefng gi\u1ea3i ph\u00e1p thi\u1ebft y\u1ebfu, s\u1ea3n ph\u1ea9m c\u1ee7a ch\u00fang t\u00f4i \u0111\u01b0\u1ee3c ch\u1ebf t\u1ea1o \u0111\u1ec3 mang l\u1ea1i hi\u1ec7u su\u1ea5t v\u01b0\u1ee3t tr\u1ed9i trong khi v\u1eabn duy...","og_url":"https:\/\/kernik.com\/vi\/consumer-products\/","og_site_name":"KERNIK | SURFACE INNOVATION","article_publisher":"https:\/\/www.facebook.com\/Kernik.Thailand","article_modified_time":"2025-08-06T09:14:03+00:00","og_image":[{"width":2200,"height":654,"url":"https:\/\/kernik.com\/wp-content\/uploads\/2024\/02\/consumer-product-banner-img02.jpg","type":"image\/jpeg"}],"twitter_card":"summary_large_image","twitter_misc":{"Est. reading time":"1 minute"},"schema":{"@context":"https:\/\/schema.org","@graph":[{"@type":"WebPage","@id":"https:\/\/kernik.com\/vi\/consumer-products\/","url":"https:\/\/kernik.com\/vi\/consumer-products\/","name":"S\u1ea3n ph\u1ea9m ti\u00eau d\u00f9ng - KERNIK | SURFACE INNOVATION","isPartOf":{"@id":"https:\/\/kernik.com\/#website"},"datePublished":"2024-02-05T07:10:33+00:00","dateModified":"2025-08-06T09:14:03+00:00","breadcrumb":{"@id":"https:\/\/kernik.com\/vi\/consumer-products\/#breadcrumb"},"inLanguage":"vi-VN","potentialAction":[{"@type":"ReadAction","target":["https:\/\/kernik.com\/vi\/consumer-products\/"]}]},{"@type":"BreadcrumbList","@id":"https:\/\/kernik.com\/vi\/consumer-products\/#breadcrumb","itemListElement":[{"@type":"ListItem","position":1,"name":"Home","item":"https:\/\/kernik.com\/"},{"@type":"ListItem","position":2,"name":"S\u1ea3n ph\u1ea9m ti\u00eau d\u00f9ng"}]},{"@type":"WebSite","@id":"https:\/\/kernik.com\/#website","url":"https:\/\/kernik.com\/","name":"KERNIK | SURFACE INNOVATION","description":"At KERNIK, we are expert in surface science. By combining the results of latest scientific researches and practical knowledge, we succeed in as the leader in surface innovations worldwide.","potentialAction":[{"@type":"SearchAction","target":{"@type":"EntryPoint","urlTemplate":"https:\/\/kernik.com\/?s={search_term_string}"},"query-input":"required name=search_term_string"}],"inLanguage":"vi-VN"}]}},"_links":{"self":[{"href":"https:\/\/kernik.com\/vi\/wp-json\/wp\/v2\/pages\/6928","targetHints":{"allow":["GET"]}}],"collection":[{"href":"https:\/\/kernik.com\/vi\/wp-json\/wp\/v2\/pages"}],"about":[{"href":"https:\/\/kernik.com\/vi\/wp-json\/wp\/v2\/types\/page"}],"author":[{"embeddable":true,"href":"https:\/\/kernik.com\/vi\/wp-json\/wp\/v2\/users\/6"}],"replies":[{"embeddable":true,"href":"https:\/\/kernik.com\/vi\/wp-json\/wp\/v2\/comments?post=6928"}],"version-history":[{"count":1,"href":"https:\/\/kernik.com\/vi\/wp-json\/wp\/v2\/pages\/6928\/revisions"}],"predecessor-version":[{"id":6929,"href":"https:\/\/kernik.com\/vi\/wp-json\/wp\/v2\/pages\/6928\/revisions\/6929"}],"wp:featuredmedia":[{"embeddable":true,"href":"https:\/\/kernik.com\/vi\/wp-json\/wp\/v2\/media\/5583"}],"wp:attachment":[{"href":"https:\/\/kernik.com\/vi\/wp-json\/wp\/v2\/media?parent=6928"}],"curies":[{"name":"wp","href":"https:\/\/api.w.org\/{rel}","templated":true}]}}