{"id":6850,"date":"2024-02-06T11:44:34","date_gmt":"2024-02-06T04:44:34","guid":{"rendered":"https:\/\/kernik.com\/products\/industrial-product\/application\/wood\/"},"modified":"2025-08-06T15:07:06","modified_gmt":"2025-08-06T08:07:06","slug":"wood","status":"publish","type":"page","link":"https:\/\/kernik.com\/vi\/products\/industrial-product\/application\/wood\/","title":{"rendered":"G\u1ed7"},"content":{"rendered":"\n<p>G\u1ed7 l\u00e0 m\u1ed9t m\u00f4 c\u1ea5u tr\u00fac \u0111\u01b0\u1ee3c t\u00ecm th\u1ea5y trong th\u00e2n v\u00e0 r\u1ec5 c\u1ee7a c\u00e2y v\u00e0 c\u00e1c lo\u00e0i th\u1ef1c v\u1eadt g\u1ed7 kh\u00e1c. N\u00f3 l\u00e0 m\u1ed9t v\u1eadt li\u1ec7u h\u1eefu c\u01a1 \u2013 m\u1ed9t composite t\u1ef1 nhi\u00ean c\u1ee7a c\u00e1c s\u1ee3i cellulose c\u00f3 \u0111\u1ed9 b\u1ec1n k\u00e9o cao v\u00e0 \u0111\u01b0\u1ee3c nh\u00fang trong ma tr\u1eadn lignin ch\u1ed1ng l\u1ea1i n\u00e9n. G\u1ed7 \u0111\u00f4i khi \u0111\u01b0\u1ee3c \u0111\u1ecbnh ngh\u0129a ch\u1ec9 l\u00e0 m\u1ed9c ch\u1ea5t th\u1ee9 c\u1ea5p trong th\u00e2n c\u00e2y, ho\u1eb7c r\u1ed9ng h\u01a1n \u0111\u1ec3 bao g\u1ed3m c\u00f9ng lo\u1ea1i m\u00f4 \u1edf nh\u1eefng n\u01a1i kh\u00e1c, ch\u1eb3ng h\u1ea1n nh\u01b0 trong r\u1ec5 c\u00e2y ho\u1eb7c c\u00e2y b\u1ee5i.<\/p>\n","protected":false},"excerpt":{"rendered":"<p>G\u1ed7 l\u00e0 m\u1ed9t m\u00f4 c\u1ea5u tr\u00fac \u0111\u01b0\u1ee3c t\u00ecm th\u1ea5y trong th\u00e2n v\u00e0 r\u1ec5 c\u1ee7a c\u00e2y v\u00e0 c\u00e1c lo\u00e0i th\u1ef1c v\u1eadt g\u1ed7 kh\u00e1c. N\u00f3 l\u00e0 m\u1ed9t v\u1eadt li\u1ec7u h\u1eefu c\u01a1 \u2013 m\u1ed9t composite t\u1ef1 nhi\u00ean c\u1ee7a c\u00e1c s\u1ee3i cellulose c\u00f3 \u0111\u1ed9 b\u1ec1n k\u00e9o cao v\u00e0 \u0111\u01b0\u1ee3c nh\u00fang trong ma tr\u1eadn lignin ch\u1ed1ng l\u1ea1i n\u00e9n. G\u1ed7 \u0111\u00f4i&#8230;<\/p>\n","protected":false},"author":6,"featured_media":5541,"parent":6825,"menu_order":0,"comment_status":"closed","ping_status":"closed","template":"p_SingleApplicationProduct_Wood.php","meta":{"_acf_changed":false,"footnotes":""},"class_list":["post-6850","page","type-page","status-publish","has-post-thumbnail","hentry"],"acf":[],"yoast_head":"<!-- This site is optimized with the Yoast SEO plugin v22.0 - https:\/\/yoast.com\/wordpress\/plugins\/seo\/ -->\n<title>G\u1ed7 - KERNIK | SURFACE INNOVATION<\/title>\n<meta name=\"robots\" content=\"index, follow, max-snippet:-1, max-image-preview:large, max-video-preview:-1\" \/>\n<link rel=\"canonical\" href=\"https:\/\/kernik.com\/vi\/products\/industrial-product\/application\/wood\/\" \/>\n<meta property=\"og:locale\" content=\"vi_VN\" \/>\n<meta property=\"og:type\" content=\"article\" \/>\n<meta property=\"og:title\" content=\"G\u1ed7 - KERNIK | SURFACE INNOVATION\" \/>\n<meta property=\"og:description\" content=\"G\u1ed7 l\u00e0 m\u1ed9t m\u00f4 c\u1ea5u tr\u00fac \u0111\u01b0\u1ee3c t\u00ecm th\u1ea5y trong th\u00e2n v\u00e0 r\u1ec5 c\u1ee7a c\u00e2y v\u00e0 c\u00e1c lo\u00e0i th\u1ef1c v\u1eadt g\u1ed7 kh\u00e1c. N\u00f3 l\u00e0 m\u1ed9t v\u1eadt li\u1ec7u h\u1eefu c\u01a1 \u2013 m\u1ed9t composite t\u1ef1 nhi\u00ean c\u1ee7a c\u00e1c s\u1ee3i cellulose c\u00f3 \u0111\u1ed9 b\u1ec1n k\u00e9o cao v\u00e0 \u0111\u01b0\u1ee3c nh\u00fang trong ma tr\u1eadn lignin ch\u1ed1ng l\u1ea1i n\u00e9n. G\u1ed7 \u0111\u00f4i...\" \/>\n<meta property=\"og:url\" content=\"https:\/\/kernik.com\/vi\/products\/industrial-product\/application\/wood\/\" \/>\n<meta property=\"og:site_name\" content=\"KERNIK | SURFACE INNOVATION\" \/>\n<meta property=\"article:publisher\" content=\"https:\/\/www.facebook.com\/Kernik.Thailand\" \/>\n<meta property=\"article:modified_time\" content=\"2025-08-06T08:07:06+00:00\" \/>\n<meta property=\"og:image\" content=\"https:\/\/kernik.com\/wp-content\/uploads\/2024\/02\/wood-banner-img.jpg\" \/>\n\t<meta property=\"og:image:width\" content=\"1920\" \/>\n\t<meta property=\"og:image:height\" content=\"916\" \/>\n\t<meta property=\"og:image:type\" content=\"image\/jpeg\" \/>\n<meta name=\"twitter:card\" content=\"summary_large_image\" \/>\n<meta name=\"twitter:label1\" content=\"Est. reading time\" \/>\n\t<meta name=\"twitter:data1\" content=\"1 minute\" \/>\n<script type=\"application\/ld+json\" class=\"yoast-schema-graph\">{\"@context\":\"https:\/\/schema.org\",\"@graph\":[{\"@type\":\"WebPage\",\"@id\":\"https:\/\/kernik.com\/vi\/products\/industrial-product\/application\/wood\/\",\"url\":\"https:\/\/kernik.com\/vi\/products\/industrial-product\/application\/wood\/\",\"name\":\"G\u1ed7 - KERNIK | SURFACE INNOVATION\",\"isPartOf\":{\"@id\":\"https:\/\/kernik.com\/#website\"},\"datePublished\":\"2024-02-06T04:44:34+00:00\",\"dateModified\":\"2025-08-06T08:07:06+00:00\",\"breadcrumb\":{\"@id\":\"https:\/\/kernik.com\/vi\/products\/industrial-product\/application\/wood\/#breadcrumb\"},\"inLanguage\":\"vi-VN\",\"potentialAction\":[{\"@type\":\"ReadAction\",\"target\":[\"https:\/\/kernik.com\/vi\/products\/industrial-product\/application\/wood\/\"]}]},{\"@type\":\"BreadcrumbList\",\"@id\":\"https:\/\/kernik.com\/vi\/products\/industrial-product\/application\/wood\/#breadcrumb\",\"itemListElement\":[{\"@type\":\"ListItem\",\"position\":1,\"name\":\"Home\",\"item\":\"https:\/\/kernik.com\/\"},{\"@type\":\"ListItem\",\"position\":2,\"name\":\"S\u1ea3n Ph\u1ea9m\",\"item\":\"https:\/\/kernik.com\/vi\/products\/\"},{\"@type\":\"ListItem\",\"position\":3,\"name\":\"S\u1ea3n Ph\u1ea9m C\u00f4ng Nghi\u1ec7p\",\"item\":\"https:\/\/kernik.com\/vi\/industrial-product\/\"},{\"@type\":\"ListItem\",\"position\":4,\"name\":\"\u1ee8ng D\u1ee5ng\",\"item\":\"https:\/\/kernik.com\/vi\/industrial-product\/application\/\"},{\"@type\":\"ListItem\",\"position\":5,\"name\":\"G\u1ed7\"}]},{\"@type\":\"WebSite\",\"@id\":\"https:\/\/kernik.com\/#website\",\"url\":\"https:\/\/kernik.com\/\",\"name\":\"KERNIK | SURFACE INNOVATION\",\"description\":\"At KERNIK, we are expert in surface science. By combining the results of latest scientific researches and practical knowledge, we succeed in as the leader in surface innovations worldwide.\",\"potentialAction\":[{\"@type\":\"SearchAction\",\"target\":{\"@type\":\"EntryPoint\",\"urlTemplate\":\"https:\/\/kernik.com\/?s={search_term_string}\"},\"query-input\":\"required name=search_term_string\"}],\"inLanguage\":\"vi-VN\"}]}<\/script>\n<!-- \/ Yoast SEO plugin. -->","yoast_head_json":{"title":"G\u1ed7 - KERNIK | SURFACE INNOVATION","robots":{"index":"index","follow":"follow","max-snippet":"max-snippet:-1","max-image-preview":"max-image-preview:large","max-video-preview":"max-video-preview:-1"},"canonical":"https:\/\/kernik.com\/vi\/products\/industrial-product\/application\/wood\/","og_locale":"vi_VN","og_type":"article","og_title":"G\u1ed7 - KERNIK | SURFACE INNOVATION","og_description":"G\u1ed7 l\u00e0 m\u1ed9t m\u00f4 c\u1ea5u tr\u00fac \u0111\u01b0\u1ee3c t\u00ecm th\u1ea5y trong th\u00e2n v\u00e0 r\u1ec5 c\u1ee7a c\u00e2y v\u00e0 c\u00e1c lo\u00e0i th\u1ef1c v\u1eadt g\u1ed7 kh\u00e1c. N\u00f3 l\u00e0 m\u1ed9t v\u1eadt li\u1ec7u h\u1eefu c\u01a1 \u2013 m\u1ed9t composite t\u1ef1 nhi\u00ean c\u1ee7a c\u00e1c s\u1ee3i cellulose c\u00f3 \u0111\u1ed9 b\u1ec1n k\u00e9o cao v\u00e0 \u0111\u01b0\u1ee3c nh\u00fang trong ma tr\u1eadn lignin ch\u1ed1ng l\u1ea1i n\u00e9n. G\u1ed7 \u0111\u00f4i...","og_url":"https:\/\/kernik.com\/vi\/products\/industrial-product\/application\/wood\/","og_site_name":"KERNIK | SURFACE INNOVATION","article_publisher":"https:\/\/www.facebook.com\/Kernik.Thailand","article_modified_time":"2025-08-06T08:07:06+00:00","og_image":[{"width":1920,"height":916,"url":"https:\/\/kernik.com\/wp-content\/uploads\/2024\/02\/wood-banner-img.jpg","type":"image\/jpeg"}],"twitter_card":"summary_large_image","twitter_misc":{"Est. reading time":"1 minute"},"schema":{"@context":"https:\/\/schema.org","@graph":[{"@type":"WebPage","@id":"https:\/\/kernik.com\/vi\/products\/industrial-product\/application\/wood\/","url":"https:\/\/kernik.com\/vi\/products\/industrial-product\/application\/wood\/","name":"G\u1ed7 - KERNIK | SURFACE INNOVATION","isPartOf":{"@id":"https:\/\/kernik.com\/#website"},"datePublished":"2024-02-06T04:44:34+00:00","dateModified":"2025-08-06T08:07:06+00:00","breadcrumb":{"@id":"https:\/\/kernik.com\/vi\/products\/industrial-product\/application\/wood\/#breadcrumb"},"inLanguage":"vi-VN","potentialAction":[{"@type":"ReadAction","target":["https:\/\/kernik.com\/vi\/products\/industrial-product\/application\/wood\/"]}]},{"@type":"BreadcrumbList","@id":"https:\/\/kernik.com\/vi\/products\/industrial-product\/application\/wood\/#breadcrumb","itemListElement":[{"@type":"ListItem","position":1,"name":"Home","item":"https:\/\/kernik.com\/"},{"@type":"ListItem","position":2,"name":"S\u1ea3n Ph\u1ea9m","item":"https:\/\/kernik.com\/vi\/products\/"},{"@type":"ListItem","position":3,"name":"S\u1ea3n Ph\u1ea9m C\u00f4ng Nghi\u1ec7p","item":"https:\/\/kernik.com\/vi\/industrial-product\/"},{"@type":"ListItem","position":4,"name":"\u1ee8ng D\u1ee5ng","item":"https:\/\/kernik.com\/vi\/industrial-product\/application\/"},{"@type":"ListItem","position":5,"name":"G\u1ed7"}]},{"@type":"WebSite","@id":"https:\/\/kernik.com\/#website","url":"https:\/\/kernik.com\/","name":"KERNIK | SURFACE INNOVATION","description":"At KERNIK, we are expert in surface science. By combining the results of latest scientific researches and practical knowledge, we succeed in as the leader in surface innovations worldwide.","potentialAction":[{"@type":"SearchAction","target":{"@type":"EntryPoint","urlTemplate":"https:\/\/kernik.com\/?s={search_term_string}"},"query-input":"required name=search_term_string"}],"inLanguage":"vi-VN"}]}},"_links":{"self":[{"href":"https:\/\/kernik.com\/vi\/wp-json\/wp\/v2\/pages\/6850","targetHints":{"allow":["GET"]}}],"collection":[{"href":"https:\/\/kernik.com\/vi\/wp-json\/wp\/v2\/pages"}],"about":[{"href":"https:\/\/kernik.com\/vi\/wp-json\/wp\/v2\/types\/page"}],"author":[{"embeddable":true,"href":"https:\/\/kernik.com\/vi\/wp-json\/wp\/v2\/users\/6"}],"replies":[{"embeddable":true,"href":"https:\/\/kernik.com\/vi\/wp-json\/wp\/v2\/comments?post=6850"}],"version-history":[{"count":9,"href":"https:\/\/kernik.com\/vi\/wp-json\/wp\/v2\/pages\/6850\/revisions"}],"predecessor-version":[{"id":6910,"href":"https:\/\/kernik.com\/vi\/wp-json\/wp\/v2\/pages\/6850\/revisions\/6910"}],"up":[{"embeddable":true,"href":"https:\/\/kernik.com\/vi\/wp-json\/wp\/v2\/pages\/6825"}],"wp:featuredmedia":[{"embeddable":true,"href":"https:\/\/kernik.com\/vi\/wp-json\/wp\/v2\/media\/5541"}],"wp:attachment":[{"href":"https:\/\/kernik.com\/vi\/wp-json\/wp\/v2\/media?parent=6850"}],"curies":[{"name":"wp","href":"https:\/\/api.w.org\/{rel}","templated":true}]}}