{"id":6848,"date":"2024-02-06T11:26:39","date_gmt":"2024-02-06T04:26:39","guid":{"rendered":"https:\/\/kernik.com\/products\/industrial-product\/application\/tire\/"},"modified":"2025-08-06T14:45:14","modified_gmt":"2025-08-06T07:45:14","slug":"tire","status":"publish","type":"page","link":"https:\/\/kernik.com\/vi\/products\/industrial-product\/application\/tire\/","title":{"rendered":"L\u1ed1p Xe"},"content":{"rendered":"\n<p>C\u00e1c nh\u00e0 m\u00e1y s\u1ea3n xu\u1ea5t l\u1ed1p xe b\u1eaft \u0111\u1ea7u v\u1edbi c\u00e1c nguy\u00ean li\u1ec7u th\u00f4 s\u1ed1 l\u01b0\u1ee3ng l\u1edbn nh\u01b0 cao su t\u1ed5ng h\u1ee3p (60% -70% t\u1ed5ng cao su trong ng\u00e0nh c\u00f4ng nghi\u1ec7p l\u1ed1p xe), mu\u1ed9i than v\u00e0 h\u00f3a ch\u1ea5t \u0111\u1ec3 s\u1ea3n xu\u1ea5t nhi\u1ec1u linh ki\u1ec7n chuy\u00ean d\u1ee5ng \u0111\u01b0\u1ee3c l\u1eafp r\u00e1p v\u00e0 l\u01b0u h\u00f3a. L\u1ed1p xe l\u00e0 s\u1ef1 l\u1eafp r\u00e1p c\u1ee7a nhi\u1ec1u linh ki\u1ec7n \u0111\u01b0\u1ee3c x\u00e2y d\u1ef1ng tr\u00ean m\u1ed9t tr\u1ed1ng v\u00e0 sau \u0111\u00f3 \u0111\u01b0\u1ee3c l\u01b0u h\u00f3a trong m\u00e1y \u00e9p.<\/p>\n","protected":false},"excerpt":{"rendered":"<p>C\u00e1c nh\u00e0 m\u00e1y s\u1ea3n xu\u1ea5t l\u1ed1p xe b\u1eaft \u0111\u1ea7u v\u1edbi c\u00e1c nguy\u00ean li\u1ec7u th\u00f4 s\u1ed1 l\u01b0\u1ee3ng l\u1edbn nh\u01b0 cao su t\u1ed5ng h\u1ee3p (60% -70% t\u1ed5ng cao su trong ng\u00e0nh c\u00f4ng nghi\u1ec7p l\u1ed1p xe), mu\u1ed9i than v\u00e0 h\u00f3a ch\u1ea5t \u0111\u1ec3 s\u1ea3n xu\u1ea5t nhi\u1ec1u linh ki\u1ec7n chuy\u00ean d\u1ee5ng \u0111\u01b0\u1ee3c l\u1eafp r\u00e1p v\u00e0 l\u01b0u h\u00f3a. L\u1ed1p xe l\u00e0&#8230;<\/p>\n","protected":false},"author":6,"featured_media":5539,"parent":6825,"menu_order":0,"comment_status":"closed","ping_status":"closed","template":"p_SingleApplicationProduct.php","meta":{"_acf_changed":false,"footnotes":""},"class_list":["post-6848","page","type-page","status-publish","has-post-thumbnail","hentry"],"acf":[],"yoast_head":"<!-- This site is optimized with the Yoast SEO plugin v22.0 - https:\/\/yoast.com\/wordpress\/plugins\/seo\/ -->\n<title>L\u1ed1p Xe - KERNIK | SURFACE INNOVATION<\/title>\n<meta name=\"robots\" content=\"index, follow, max-snippet:-1, max-image-preview:large, max-video-preview:-1\" \/>\n<link rel=\"canonical\" href=\"https:\/\/kernik.com\/vi\/products\/industrial-product\/application\/tire\/\" \/>\n<meta property=\"og:locale\" content=\"vi_VN\" \/>\n<meta property=\"og:type\" content=\"article\" \/>\n<meta property=\"og:title\" content=\"L\u1ed1p Xe - KERNIK | SURFACE INNOVATION\" \/>\n<meta property=\"og:description\" content=\"C\u00e1c nh\u00e0 m\u00e1y s\u1ea3n xu\u1ea5t l\u1ed1p xe b\u1eaft \u0111\u1ea7u v\u1edbi c\u00e1c nguy\u00ean li\u1ec7u th\u00f4 s\u1ed1 l\u01b0\u1ee3ng l\u1edbn nh\u01b0 cao su t\u1ed5ng h\u1ee3p (60% -70% t\u1ed5ng cao su trong ng\u00e0nh c\u00f4ng nghi\u1ec7p l\u1ed1p xe), mu\u1ed9i than v\u00e0 h\u00f3a ch\u1ea5t \u0111\u1ec3 s\u1ea3n xu\u1ea5t nhi\u1ec1u linh ki\u1ec7n chuy\u00ean d\u1ee5ng \u0111\u01b0\u1ee3c l\u1eafp r\u00e1p v\u00e0 l\u01b0u h\u00f3a. L\u1ed1p xe l\u00e0...\" \/>\n<meta property=\"og:url\" content=\"https:\/\/kernik.com\/vi\/products\/industrial-product\/application\/tire\/\" \/>\n<meta property=\"og:site_name\" content=\"KERNIK | SURFACE INNOVATION\" \/>\n<meta property=\"article:publisher\" content=\"https:\/\/www.facebook.com\/Kernik.Thailand\" \/>\n<meta property=\"article:modified_time\" content=\"2025-08-06T07:45:14+00:00\" \/>\n<meta property=\"og:image\" content=\"https:\/\/kernik.com\/wp-content\/uploads\/2024\/02\/tire-banner-img.jpg\" \/>\n\t<meta property=\"og:image:width\" content=\"1920\" \/>\n\t<meta property=\"og:image:height\" content=\"918\" \/>\n\t<meta property=\"og:image:type\" content=\"image\/jpeg\" \/>\n<meta name=\"twitter:card\" content=\"summary_large_image\" \/>\n<meta name=\"twitter:label1\" content=\"Est. reading time\" \/>\n\t<meta name=\"twitter:data1\" content=\"1 minute\" \/>\n<script type=\"application\/ld+json\" class=\"yoast-schema-graph\">{\"@context\":\"https:\/\/schema.org\",\"@graph\":[{\"@type\":\"WebPage\",\"@id\":\"https:\/\/kernik.com\/vi\/products\/industrial-product\/application\/tire\/\",\"url\":\"https:\/\/kernik.com\/vi\/products\/industrial-product\/application\/tire\/\",\"name\":\"L\u1ed1p Xe - KERNIK | SURFACE INNOVATION\",\"isPartOf\":{\"@id\":\"https:\/\/kernik.com\/#website\"},\"datePublished\":\"2024-02-06T04:26:39+00:00\",\"dateModified\":\"2025-08-06T07:45:14+00:00\",\"breadcrumb\":{\"@id\":\"https:\/\/kernik.com\/vi\/products\/industrial-product\/application\/tire\/#breadcrumb\"},\"inLanguage\":\"vi-VN\",\"potentialAction\":[{\"@type\":\"ReadAction\",\"target\":[\"https:\/\/kernik.com\/vi\/products\/industrial-product\/application\/tire\/\"]}]},{\"@type\":\"BreadcrumbList\",\"@id\":\"https:\/\/kernik.com\/vi\/products\/industrial-product\/application\/tire\/#breadcrumb\",\"itemListElement\":[{\"@type\":\"ListItem\",\"position\":1,\"name\":\"Home\",\"item\":\"https:\/\/kernik.com\/\"},{\"@type\":\"ListItem\",\"position\":2,\"name\":\"S\u1ea3n Ph\u1ea9m\",\"item\":\"https:\/\/kernik.com\/vi\/products\/\"},{\"@type\":\"ListItem\",\"position\":3,\"name\":\"S\u1ea3n Ph\u1ea9m C\u00f4ng Nghi\u1ec7p\",\"item\":\"https:\/\/kernik.com\/vi\/industrial-product\/\"},{\"@type\":\"ListItem\",\"position\":4,\"name\":\"\u1ee8ng D\u1ee5ng\",\"item\":\"https:\/\/kernik.com\/vi\/industrial-product\/application\/\"},{\"@type\":\"ListItem\",\"position\":5,\"name\":\"L\u1ed1p Xe\"}]},{\"@type\":\"WebSite\",\"@id\":\"https:\/\/kernik.com\/#website\",\"url\":\"https:\/\/kernik.com\/\",\"name\":\"KERNIK | SURFACE INNOVATION\",\"description\":\"At KERNIK, we are expert in surface science. By combining the results of latest scientific researches and practical knowledge, we succeed in as the leader in surface innovations worldwide.\",\"potentialAction\":[{\"@type\":\"SearchAction\",\"target\":{\"@type\":\"EntryPoint\",\"urlTemplate\":\"https:\/\/kernik.com\/?s={search_term_string}\"},\"query-input\":\"required name=search_term_string\"}],\"inLanguage\":\"vi-VN\"}]}<\/script>\n<!-- \/ Yoast SEO plugin. -->","yoast_head_json":{"title":"L\u1ed1p Xe - KERNIK | SURFACE INNOVATION","robots":{"index":"index","follow":"follow","max-snippet":"max-snippet:-1","max-image-preview":"max-image-preview:large","max-video-preview":"max-video-preview:-1"},"canonical":"https:\/\/kernik.com\/vi\/products\/industrial-product\/application\/tire\/","og_locale":"vi_VN","og_type":"article","og_title":"L\u1ed1p Xe - KERNIK | SURFACE INNOVATION","og_description":"C\u00e1c nh\u00e0 m\u00e1y s\u1ea3n xu\u1ea5t l\u1ed1p xe b\u1eaft \u0111\u1ea7u v\u1edbi c\u00e1c nguy\u00ean li\u1ec7u th\u00f4 s\u1ed1 l\u01b0\u1ee3ng l\u1edbn nh\u01b0 cao su t\u1ed5ng h\u1ee3p (60% -70% t\u1ed5ng cao su trong ng\u00e0nh c\u00f4ng nghi\u1ec7p l\u1ed1p xe), mu\u1ed9i than v\u00e0 h\u00f3a ch\u1ea5t \u0111\u1ec3 s\u1ea3n xu\u1ea5t nhi\u1ec1u linh ki\u1ec7n chuy\u00ean d\u1ee5ng \u0111\u01b0\u1ee3c l\u1eafp r\u00e1p v\u00e0 l\u01b0u h\u00f3a. L\u1ed1p xe l\u00e0...","og_url":"https:\/\/kernik.com\/vi\/products\/industrial-product\/application\/tire\/","og_site_name":"KERNIK | SURFACE INNOVATION","article_publisher":"https:\/\/www.facebook.com\/Kernik.Thailand","article_modified_time":"2025-08-06T07:45:14+00:00","og_image":[{"width":1920,"height":918,"url":"https:\/\/kernik.com\/wp-content\/uploads\/2024\/02\/tire-banner-img.jpg","type":"image\/jpeg"}],"twitter_card":"summary_large_image","twitter_misc":{"Est. reading time":"1 minute"},"schema":{"@context":"https:\/\/schema.org","@graph":[{"@type":"WebPage","@id":"https:\/\/kernik.com\/vi\/products\/industrial-product\/application\/tire\/","url":"https:\/\/kernik.com\/vi\/products\/industrial-product\/application\/tire\/","name":"L\u1ed1p Xe - KERNIK | SURFACE INNOVATION","isPartOf":{"@id":"https:\/\/kernik.com\/#website"},"datePublished":"2024-02-06T04:26:39+00:00","dateModified":"2025-08-06T07:45:14+00:00","breadcrumb":{"@id":"https:\/\/kernik.com\/vi\/products\/industrial-product\/application\/tire\/#breadcrumb"},"inLanguage":"vi-VN","potentialAction":[{"@type":"ReadAction","target":["https:\/\/kernik.com\/vi\/products\/industrial-product\/application\/tire\/"]}]},{"@type":"BreadcrumbList","@id":"https:\/\/kernik.com\/vi\/products\/industrial-product\/application\/tire\/#breadcrumb","itemListElement":[{"@type":"ListItem","position":1,"name":"Home","item":"https:\/\/kernik.com\/"},{"@type":"ListItem","position":2,"name":"S\u1ea3n Ph\u1ea9m","item":"https:\/\/kernik.com\/vi\/products\/"},{"@type":"ListItem","position":3,"name":"S\u1ea3n Ph\u1ea9m C\u00f4ng Nghi\u1ec7p","item":"https:\/\/kernik.com\/vi\/industrial-product\/"},{"@type":"ListItem","position":4,"name":"\u1ee8ng D\u1ee5ng","item":"https:\/\/kernik.com\/vi\/industrial-product\/application\/"},{"@type":"ListItem","position":5,"name":"L\u1ed1p Xe"}]},{"@type":"WebSite","@id":"https:\/\/kernik.com\/#website","url":"https:\/\/kernik.com\/","name":"KERNIK | SURFACE INNOVATION","description":"At KERNIK, we are expert in surface science. By combining the results of latest scientific researches and practical knowledge, we succeed in as the leader in surface innovations worldwide.","potentialAction":[{"@type":"SearchAction","target":{"@type":"EntryPoint","urlTemplate":"https:\/\/kernik.com\/?s={search_term_string}"},"query-input":"required name=search_term_string"}],"inLanguage":"vi-VN"}]}},"_links":{"self":[{"href":"https:\/\/kernik.com\/vi\/wp-json\/wp\/v2\/pages\/6848","targetHints":{"allow":["GET"]}}],"collection":[{"href":"https:\/\/kernik.com\/vi\/wp-json\/wp\/v2\/pages"}],"about":[{"href":"https:\/\/kernik.com\/vi\/wp-json\/wp\/v2\/types\/page"}],"author":[{"embeddable":true,"href":"https:\/\/kernik.com\/vi\/wp-json\/wp\/v2\/users\/6"}],"replies":[{"embeddable":true,"href":"https:\/\/kernik.com\/vi\/wp-json\/wp\/v2\/comments?post=6848"}],"version-history":[{"count":4,"href":"https:\/\/kernik.com\/vi\/wp-json\/wp\/v2\/pages\/6848\/revisions"}],"predecessor-version":[{"id":6883,"href":"https:\/\/kernik.com\/vi\/wp-json\/wp\/v2\/pages\/6848\/revisions\/6883"}],"up":[{"embeddable":true,"href":"https:\/\/kernik.com\/vi\/wp-json\/wp\/v2\/pages\/6825"}],"wp:featuredmedia":[{"embeddable":true,"href":"https:\/\/kernik.com\/vi\/wp-json\/wp\/v2\/media\/5539"}],"wp:attachment":[{"href":"https:\/\/kernik.com\/vi\/wp-json\/wp\/v2\/media?parent=6848"}],"curies":[{"name":"wp","href":"https:\/\/api.w.org\/{rel}","templated":true}]}}