{"id":6846,"date":"2024-02-06T11:00:43","date_gmt":"2024-02-06T04:00:43","guid":{"rendered":"https:\/\/kernik.com\/products\/industrial-product\/application\/rubber-part\/"},"modified":"2025-08-06T14:37:08","modified_gmt":"2025-08-06T07:37:08","slug":"rubber-part","status":"publish","type":"page","link":"https:\/\/kernik.com\/vi\/products\/industrial-product\/application\/rubber-part\/","title":{"rendered":"Linh Ki\u1ec7n Cao Su"},"content":{"rendered":"\n<p>S\u1ea3n ph\u1ea9m cao su \u0111\u00fac khu\u00f4n \u0111\u01b0\u1ee3c s\u1eed d\u1ee5ng r\u1ed9ng r\u00e3i trong c\u00f4ng nghi\u1ec7p (v\u00e0 trong m\u1ed9t s\u1ed1 \u1ee9ng d\u1ee5ng gia \u0111\u00ecnh) d\u01b0\u1edbi d\u1ea1ng h\u00e0ng h\u00f3a v\u00e0 thi\u1ebft b\u1ecb cao su. H\u1ea7u h\u1ebft l\u1ed1p xe v\u00e0 ru\u1ed9t xe \u0111\u01b0\u1ee3c s\u1eed d\u1ee5ng trong \u00f4 t\u00f4 \u0111\u1ec1u l\u00e0m t\u1eeb cao su. Do \u0111\u00f3, cao su \u0111\u00f3ng vai tr\u00f2 r\u1ea5t quan tr\u1ecdng trong ng\u00e0nh c\u00f4ng nghi\u1ec7p \u00f4 t\u00f4 v\u00e0 ng\u00e0nh v\u1eadn t\u1ea3i.<\/p>\n","protected":false},"excerpt":{"rendered":"<p>S\u1ea3n ph\u1ea9m cao su \u0111\u00fac khu\u00f4n \u0111\u01b0\u1ee3c s\u1eed d\u1ee5ng r\u1ed9ng r\u00e3i trong c\u00f4ng nghi\u1ec7p (v\u00e0 trong m\u1ed9t s\u1ed1 \u1ee9ng d\u1ee5ng gia \u0111\u00ecnh) d\u01b0\u1edbi d\u1ea1ng h\u00e0ng h\u00f3a v\u00e0 thi\u1ebft b\u1ecb cao su. H\u1ea7u h\u1ebft l\u1ed1p xe v\u00e0 ru\u1ed9t xe \u0111\u01b0\u1ee3c s\u1eed d\u1ee5ng trong \u00f4 t\u00f4 \u0111\u1ec1u l\u00e0m t\u1eeb cao su. Do \u0111\u00f3, cao su \u0111\u00f3ng vai&#8230;<\/p>\n","protected":false},"author":6,"featured_media":5551,"parent":6825,"menu_order":0,"comment_status":"closed","ping_status":"closed","template":"p_SingleApplicationProduct.php","meta":{"_acf_changed":false,"footnotes":""},"class_list":["post-6846","page","type-page","status-publish","has-post-thumbnail","hentry"],"acf":[],"yoast_head":"<!-- This site is optimized with the Yoast SEO plugin v22.0 - https:\/\/yoast.com\/wordpress\/plugins\/seo\/ -->\n<title>Linh Ki\u1ec7n Cao Su - KERNIK | SURFACE INNOVATION<\/title>\n<meta name=\"robots\" content=\"index, follow, max-snippet:-1, max-image-preview:large, max-video-preview:-1\" \/>\n<link rel=\"canonical\" href=\"https:\/\/kernik.com\/vi\/products\/industrial-product\/application\/rubber-part\/\" \/>\n<meta property=\"og:locale\" content=\"vi_VN\" \/>\n<meta property=\"og:type\" content=\"article\" \/>\n<meta property=\"og:title\" content=\"Linh Ki\u1ec7n Cao Su - KERNIK | SURFACE INNOVATION\" \/>\n<meta property=\"og:description\" content=\"S\u1ea3n ph\u1ea9m cao su \u0111\u00fac khu\u00f4n \u0111\u01b0\u1ee3c s\u1eed d\u1ee5ng r\u1ed9ng r\u00e3i trong c\u00f4ng nghi\u1ec7p (v\u00e0 trong m\u1ed9t s\u1ed1 \u1ee9ng d\u1ee5ng gia \u0111\u00ecnh) d\u01b0\u1edbi d\u1ea1ng h\u00e0ng h\u00f3a v\u00e0 thi\u1ebft b\u1ecb cao su. H\u1ea7u h\u1ebft l\u1ed1p xe v\u00e0 ru\u1ed9t xe \u0111\u01b0\u1ee3c s\u1eed d\u1ee5ng trong \u00f4 t\u00f4 \u0111\u1ec1u l\u00e0m t\u1eeb cao su. Do \u0111\u00f3, cao su \u0111\u00f3ng vai...\" \/>\n<meta property=\"og:url\" content=\"https:\/\/kernik.com\/vi\/products\/industrial-product\/application\/rubber-part\/\" \/>\n<meta property=\"og:site_name\" content=\"KERNIK | SURFACE INNOVATION\" \/>\n<meta property=\"article:publisher\" content=\"https:\/\/www.facebook.com\/Kernik.Thailand\" \/>\n<meta property=\"article:modified_time\" content=\"2025-08-06T07:37:08+00:00\" \/>\n<meta property=\"og:image\" content=\"https:\/\/kernik.com\/wp-content\/uploads\/2024\/02\/rubber-banner-img.jpg\" \/>\n\t<meta property=\"og:image:width\" content=\"1920\" \/>\n\t<meta property=\"og:image:height\" content=\"918\" \/>\n\t<meta property=\"og:image:type\" content=\"image\/jpeg\" \/>\n<meta name=\"twitter:card\" content=\"summary_large_image\" \/>\n<script type=\"application\/ld+json\" class=\"yoast-schema-graph\">{\"@context\":\"https:\/\/schema.org\",\"@graph\":[{\"@type\":\"WebPage\",\"@id\":\"https:\/\/kernik.com\/vi\/products\/industrial-product\/application\/rubber-part\/\",\"url\":\"https:\/\/kernik.com\/vi\/products\/industrial-product\/application\/rubber-part\/\",\"name\":\"Linh Ki\u1ec7n Cao Su - KERNIK | SURFACE INNOVATION\",\"isPartOf\":{\"@id\":\"https:\/\/kernik.com\/#website\"},\"datePublished\":\"2024-02-06T04:00:43+00:00\",\"dateModified\":\"2025-08-06T07:37:08+00:00\",\"breadcrumb\":{\"@id\":\"https:\/\/kernik.com\/vi\/products\/industrial-product\/application\/rubber-part\/#breadcrumb\"},\"inLanguage\":\"vi-VN\",\"potentialAction\":[{\"@type\":\"ReadAction\",\"target\":[\"https:\/\/kernik.com\/vi\/products\/industrial-product\/application\/rubber-part\/\"]}]},{\"@type\":\"BreadcrumbList\",\"@id\":\"https:\/\/kernik.com\/vi\/products\/industrial-product\/application\/rubber-part\/#breadcrumb\",\"itemListElement\":[{\"@type\":\"ListItem\",\"position\":1,\"name\":\"Home\",\"item\":\"https:\/\/kernik.com\/\"},{\"@type\":\"ListItem\",\"position\":2,\"name\":\"S\u1ea3n Ph\u1ea9m\",\"item\":\"https:\/\/kernik.com\/vi\/products\/\"},{\"@type\":\"ListItem\",\"position\":3,\"name\":\"S\u1ea3n Ph\u1ea9m C\u00f4ng Nghi\u1ec7p\",\"item\":\"https:\/\/kernik.com\/vi\/industrial-product\/\"},{\"@type\":\"ListItem\",\"position\":4,\"name\":\"\u1ee8ng D\u1ee5ng\",\"item\":\"https:\/\/kernik.com\/vi\/industrial-product\/application\/\"},{\"@type\":\"ListItem\",\"position\":5,\"name\":\"Linh Ki\u1ec7n Cao Su\"}]},{\"@type\":\"WebSite\",\"@id\":\"https:\/\/kernik.com\/#website\",\"url\":\"https:\/\/kernik.com\/\",\"name\":\"KERNIK | SURFACE INNOVATION\",\"description\":\"At KERNIK, we are expert in surface science. By combining the results of latest scientific researches and practical knowledge, we succeed in as the leader in surface innovations worldwide.\",\"potentialAction\":[{\"@type\":\"SearchAction\",\"target\":{\"@type\":\"EntryPoint\",\"urlTemplate\":\"https:\/\/kernik.com\/?s={search_term_string}\"},\"query-input\":\"required name=search_term_string\"}],\"inLanguage\":\"vi-VN\"}]}<\/script>\n<!-- \/ Yoast SEO plugin. -->","yoast_head_json":{"title":"Linh Ki\u1ec7n Cao Su - KERNIK | SURFACE INNOVATION","robots":{"index":"index","follow":"follow","max-snippet":"max-snippet:-1","max-image-preview":"max-image-preview:large","max-video-preview":"max-video-preview:-1"},"canonical":"https:\/\/kernik.com\/vi\/products\/industrial-product\/application\/rubber-part\/","og_locale":"vi_VN","og_type":"article","og_title":"Linh Ki\u1ec7n Cao Su - KERNIK | SURFACE INNOVATION","og_description":"S\u1ea3n ph\u1ea9m cao su \u0111\u00fac khu\u00f4n \u0111\u01b0\u1ee3c s\u1eed d\u1ee5ng r\u1ed9ng r\u00e3i trong c\u00f4ng nghi\u1ec7p (v\u00e0 trong m\u1ed9t s\u1ed1 \u1ee9ng d\u1ee5ng gia \u0111\u00ecnh) d\u01b0\u1edbi d\u1ea1ng h\u00e0ng h\u00f3a v\u00e0 thi\u1ebft b\u1ecb cao su. H\u1ea7u h\u1ebft l\u1ed1p xe v\u00e0 ru\u1ed9t xe \u0111\u01b0\u1ee3c s\u1eed d\u1ee5ng trong \u00f4 t\u00f4 \u0111\u1ec1u l\u00e0m t\u1eeb cao su. Do \u0111\u00f3, cao su \u0111\u00f3ng vai...","og_url":"https:\/\/kernik.com\/vi\/products\/industrial-product\/application\/rubber-part\/","og_site_name":"KERNIK | SURFACE INNOVATION","article_publisher":"https:\/\/www.facebook.com\/Kernik.Thailand","article_modified_time":"2025-08-06T07:37:08+00:00","og_image":[{"width":1920,"height":918,"url":"https:\/\/kernik.com\/wp-content\/uploads\/2024\/02\/rubber-banner-img.jpg","type":"image\/jpeg"}],"twitter_card":"summary_large_image","schema":{"@context":"https:\/\/schema.org","@graph":[{"@type":"WebPage","@id":"https:\/\/kernik.com\/vi\/products\/industrial-product\/application\/rubber-part\/","url":"https:\/\/kernik.com\/vi\/products\/industrial-product\/application\/rubber-part\/","name":"Linh Ki\u1ec7n Cao Su - KERNIK | SURFACE INNOVATION","isPartOf":{"@id":"https:\/\/kernik.com\/#website"},"datePublished":"2024-02-06T04:00:43+00:00","dateModified":"2025-08-06T07:37:08+00:00","breadcrumb":{"@id":"https:\/\/kernik.com\/vi\/products\/industrial-product\/application\/rubber-part\/#breadcrumb"},"inLanguage":"vi-VN","potentialAction":[{"@type":"ReadAction","target":["https:\/\/kernik.com\/vi\/products\/industrial-product\/application\/rubber-part\/"]}]},{"@type":"BreadcrumbList","@id":"https:\/\/kernik.com\/vi\/products\/industrial-product\/application\/rubber-part\/#breadcrumb","itemListElement":[{"@type":"ListItem","position":1,"name":"Home","item":"https:\/\/kernik.com\/"},{"@type":"ListItem","position":2,"name":"S\u1ea3n Ph\u1ea9m","item":"https:\/\/kernik.com\/vi\/products\/"},{"@type":"ListItem","position":3,"name":"S\u1ea3n Ph\u1ea9m C\u00f4ng Nghi\u1ec7p","item":"https:\/\/kernik.com\/vi\/industrial-product\/"},{"@type":"ListItem","position":4,"name":"\u1ee8ng D\u1ee5ng","item":"https:\/\/kernik.com\/vi\/industrial-product\/application\/"},{"@type":"ListItem","position":5,"name":"Linh Ki\u1ec7n Cao Su"}]},{"@type":"WebSite","@id":"https:\/\/kernik.com\/#website","url":"https:\/\/kernik.com\/","name":"KERNIK | SURFACE INNOVATION","description":"At KERNIK, we are expert in surface science. By combining the results of latest scientific researches and practical knowledge, we succeed in as the leader in surface innovations worldwide.","potentialAction":[{"@type":"SearchAction","target":{"@type":"EntryPoint","urlTemplate":"https:\/\/kernik.com\/?s={search_term_string}"},"query-input":"required name=search_term_string"}],"inLanguage":"vi-VN"}]}},"_links":{"self":[{"href":"https:\/\/kernik.com\/vi\/wp-json\/wp\/v2\/pages\/6846","targetHints":{"allow":["GET"]}}],"collection":[{"href":"https:\/\/kernik.com\/vi\/wp-json\/wp\/v2\/pages"}],"about":[{"href":"https:\/\/kernik.com\/vi\/wp-json\/wp\/v2\/types\/page"}],"author":[{"embeddable":true,"href":"https:\/\/kernik.com\/vi\/wp-json\/wp\/v2\/users\/6"}],"replies":[{"embeddable":true,"href":"https:\/\/kernik.com\/vi\/wp-json\/wp\/v2\/comments?post=6846"}],"version-history":[{"count":3,"href":"https:\/\/kernik.com\/vi\/wp-json\/wp\/v2\/pages\/6846\/revisions"}],"predecessor-version":[{"id":6871,"href":"https:\/\/kernik.com\/vi\/wp-json\/wp\/v2\/pages\/6846\/revisions\/6871"}],"up":[{"embeddable":true,"href":"https:\/\/kernik.com\/vi\/wp-json\/wp\/v2\/pages\/6825"}],"wp:featuredmedia":[{"embeddable":true,"href":"https:\/\/kernik.com\/vi\/wp-json\/wp\/v2\/media\/5551"}],"wp:attachment":[{"href":"https:\/\/kernik.com\/vi\/wp-json\/wp\/v2\/media?parent=6846"}],"curies":[{"name":"wp","href":"https:\/\/api.w.org\/{rel}","templated":true}]}}