{"id":6844,"date":"2024-02-05T13:20:00","date_gmt":"2024-02-05T06:20:00","guid":{"rendered":"https:\/\/kernik.com\/products\/industrial-product\/application\/polyurethane\/"},"modified":"2025-08-06T12:55:21","modified_gmt":"2025-08-06T05:55:21","slug":"polyurethane","status":"publish","type":"page","link":"https:\/\/kernik.com\/vi\/products\/industrial-product\/application\/polyurethane\/","title":{"rendered":"Polyurethane"},"content":{"rendered":"\n<p>Polyurethane l\u00e0 nh\u1eefng polymer \u0111\u01b0\u1ee3c s\u1eed d\u1ee5ng r\u1ed9ng r\u00e3i. Ch\u00fang \u0111\u01b0\u1ee3c h\u00ecnh th\u00e0nh th\u00f4ng qua ph\u1ea3n \u1ee9ng c\u1ee7a diisocyanate v\u1edbi polyol v\u1edbi s\u1ef1 hi\u1ec7n di\u1ec7n c\u1ee7a c\u00e1c h\u00f3a ch\u1ea5t kh\u00e1c. Polyurethane \u0111\u01b0\u1ee3c s\u1eed d\u1ee5ng tr\u00ean to\u00e0n c\u1ea7u trong h\u1ea7u h\u1ebft t\u1ea5t c\u1ea3 c\u00e1c ng\u00e0nh c\u00f4ng nghi\u1ec7p bao g\u1ed3m n\u1ed9i th\u1ea5t, x\u00e2y d\u1ef1ng, \u0111i\u1ec7n t\u1eed, \u00f4 t\u00f4, gi\u00e0y d\u00e9p v\u00e0 bao b\u00ec. L\u1edbp ph\u1ee7, keo d\u00e1n &amp; ch\u1ea5t tr\u00e1m k\u00edn, v\u00e0 elastomer<\/p>\n","protected":false},"excerpt":{"rendered":"<p>Polyurethane l\u00e0 nh\u1eefng polymer \u0111\u01b0\u1ee3c s\u1eed d\u1ee5ng r\u1ed9ng r\u00e3i. Ch\u00fang \u0111\u01b0\u1ee3c h\u00ecnh th\u00e0nh th\u00f4ng qua ph\u1ea3n \u1ee9ng c\u1ee7a diisocyanate v\u1edbi polyol v\u1edbi s\u1ef1 hi\u1ec7n di\u1ec7n c\u1ee7a c\u00e1c h\u00f3a ch\u1ea5t kh\u00e1c. Polyurethane \u0111\u01b0\u1ee3c s\u1eed d\u1ee5ng tr\u00ean to\u00e0n c\u1ea7u trong h\u1ea7u h\u1ebft t\u1ea5t c\u1ea3 c\u00e1c ng\u00e0nh c\u00f4ng nghi\u1ec7p bao g\u1ed3m n\u1ed9i th\u1ea5t, x\u00e2y d\u1ef1ng, \u0111i\u1ec7n t\u1eed, \u00f4&#8230;<\/p>\n","protected":false},"author":6,"featured_media":5535,"parent":6825,"menu_order":0,"comment_status":"closed","ping_status":"closed","template":"p_SingleApplicationProduct.php","meta":{"_acf_changed":false,"footnotes":""},"class_list":["post-6844","page","type-page","status-publish","has-post-thumbnail","hentry"],"acf":[],"yoast_head":"<!-- This site is optimized with the Yoast SEO plugin v22.0 - https:\/\/yoast.com\/wordpress\/plugins\/seo\/ -->\n<title>Polyurethane - KERNIK | SURFACE INNOVATION<\/title>\n<meta name=\"robots\" content=\"index, follow, max-snippet:-1, max-image-preview:large, max-video-preview:-1\" \/>\n<link rel=\"canonical\" href=\"https:\/\/kernik.com\/vi\/products\/industrial-product\/application\/polyurethane\/\" \/>\n<meta property=\"og:locale\" content=\"vi_VN\" \/>\n<meta property=\"og:type\" content=\"article\" \/>\n<meta property=\"og:title\" content=\"Polyurethane - KERNIK | SURFACE INNOVATION\" \/>\n<meta property=\"og:description\" content=\"Polyurethane l\u00e0 nh\u1eefng polymer \u0111\u01b0\u1ee3c s\u1eed d\u1ee5ng r\u1ed9ng r\u00e3i. Ch\u00fang \u0111\u01b0\u1ee3c h\u00ecnh th\u00e0nh th\u00f4ng qua ph\u1ea3n \u1ee9ng c\u1ee7a diisocyanate v\u1edbi polyol v\u1edbi s\u1ef1 hi\u1ec7n di\u1ec7n c\u1ee7a c\u00e1c h\u00f3a ch\u1ea5t kh\u00e1c. Polyurethane \u0111\u01b0\u1ee3c s\u1eed d\u1ee5ng tr\u00ean to\u00e0n c\u1ea7u trong h\u1ea7u h\u1ebft t\u1ea5t c\u1ea3 c\u00e1c ng\u00e0nh c\u00f4ng nghi\u1ec7p bao g\u1ed3m n\u1ed9i th\u1ea5t, x\u00e2y d\u1ef1ng, \u0111i\u1ec7n t\u1eed, \u00f4...\" \/>\n<meta property=\"og:url\" content=\"https:\/\/kernik.com\/vi\/products\/industrial-product\/application\/polyurethane\/\" \/>\n<meta property=\"og:site_name\" content=\"KERNIK | SURFACE INNOVATION\" \/>\n<meta property=\"article:publisher\" content=\"https:\/\/www.facebook.com\/Kernik.Thailand\" \/>\n<meta property=\"article:modified_time\" content=\"2025-08-06T05:55:21+00:00\" \/>\n<meta property=\"og:image\" content=\"https:\/\/kernik.com\/wp-content\/uploads\/2024\/02\/pu-banner-img.jpg\" \/>\n\t<meta property=\"og:image:width\" content=\"1920\" \/>\n\t<meta property=\"og:image:height\" content=\"918\" \/>\n\t<meta property=\"og:image:type\" content=\"image\/jpeg\" \/>\n<meta name=\"twitter:card\" content=\"summary_large_image\" \/>\n<meta name=\"twitter:label1\" content=\"Est. reading time\" \/>\n\t<meta name=\"twitter:data1\" content=\"1 minute\" \/>\n<script type=\"application\/ld+json\" class=\"yoast-schema-graph\">{\"@context\":\"https:\/\/schema.org\",\"@graph\":[{\"@type\":\"WebPage\",\"@id\":\"https:\/\/kernik.com\/vi\/products\/industrial-product\/application\/polyurethane\/\",\"url\":\"https:\/\/kernik.com\/vi\/products\/industrial-product\/application\/polyurethane\/\",\"name\":\"Polyurethane - KERNIK | SURFACE INNOVATION\",\"isPartOf\":{\"@id\":\"https:\/\/kernik.com\/#website\"},\"datePublished\":\"2024-02-05T06:20:00+00:00\",\"dateModified\":\"2025-08-06T05:55:21+00:00\",\"breadcrumb\":{\"@id\":\"https:\/\/kernik.com\/vi\/products\/industrial-product\/application\/polyurethane\/#breadcrumb\"},\"inLanguage\":\"vi-VN\",\"potentialAction\":[{\"@type\":\"ReadAction\",\"target\":[\"https:\/\/kernik.com\/vi\/products\/industrial-product\/application\/polyurethane\/\"]}]},{\"@type\":\"BreadcrumbList\",\"@id\":\"https:\/\/kernik.com\/vi\/products\/industrial-product\/application\/polyurethane\/#breadcrumb\",\"itemListElement\":[{\"@type\":\"ListItem\",\"position\":1,\"name\":\"Home\",\"item\":\"https:\/\/kernik.com\/\"},{\"@type\":\"ListItem\",\"position\":2,\"name\":\"S\u1ea3n Ph\u1ea9m\",\"item\":\"https:\/\/kernik.com\/vi\/products\/\"},{\"@type\":\"ListItem\",\"position\":3,\"name\":\"S\u1ea3n Ph\u1ea9m C\u00f4ng Nghi\u1ec7p\",\"item\":\"https:\/\/kernik.com\/vi\/industrial-product\/\"},{\"@type\":\"ListItem\",\"position\":4,\"name\":\"\u1ee8ng D\u1ee5ng\",\"item\":\"https:\/\/kernik.com\/vi\/industrial-product\/application\/\"},{\"@type\":\"ListItem\",\"position\":5,\"name\":\"Polyurethane\"}]},{\"@type\":\"WebSite\",\"@id\":\"https:\/\/kernik.com\/#website\",\"url\":\"https:\/\/kernik.com\/\",\"name\":\"KERNIK | SURFACE INNOVATION\",\"description\":\"At KERNIK, we are expert in surface science. By combining the results of latest scientific researches and practical knowledge, we succeed in as the leader in surface innovations worldwide.\",\"potentialAction\":[{\"@type\":\"SearchAction\",\"target\":{\"@type\":\"EntryPoint\",\"urlTemplate\":\"https:\/\/kernik.com\/?s={search_term_string}\"},\"query-input\":\"required name=search_term_string\"}],\"inLanguage\":\"vi-VN\"}]}<\/script>\n<!-- \/ Yoast SEO plugin. -->","yoast_head_json":{"title":"Polyurethane - KERNIK | SURFACE INNOVATION","robots":{"index":"index","follow":"follow","max-snippet":"max-snippet:-1","max-image-preview":"max-image-preview:large","max-video-preview":"max-video-preview:-1"},"canonical":"https:\/\/kernik.com\/vi\/products\/industrial-product\/application\/polyurethane\/","og_locale":"vi_VN","og_type":"article","og_title":"Polyurethane - KERNIK | SURFACE INNOVATION","og_description":"Polyurethane l\u00e0 nh\u1eefng polymer \u0111\u01b0\u1ee3c s\u1eed d\u1ee5ng r\u1ed9ng r\u00e3i. Ch\u00fang \u0111\u01b0\u1ee3c h\u00ecnh th\u00e0nh th\u00f4ng qua ph\u1ea3n \u1ee9ng c\u1ee7a diisocyanate v\u1edbi polyol v\u1edbi s\u1ef1 hi\u1ec7n di\u1ec7n c\u1ee7a c\u00e1c h\u00f3a ch\u1ea5t kh\u00e1c. Polyurethane \u0111\u01b0\u1ee3c s\u1eed d\u1ee5ng tr\u00ean to\u00e0n c\u1ea7u trong h\u1ea7u h\u1ebft t\u1ea5t c\u1ea3 c\u00e1c ng\u00e0nh c\u00f4ng nghi\u1ec7p bao g\u1ed3m n\u1ed9i th\u1ea5t, x\u00e2y d\u1ef1ng, \u0111i\u1ec7n t\u1eed, \u00f4...","og_url":"https:\/\/kernik.com\/vi\/products\/industrial-product\/application\/polyurethane\/","og_site_name":"KERNIK | SURFACE INNOVATION","article_publisher":"https:\/\/www.facebook.com\/Kernik.Thailand","article_modified_time":"2025-08-06T05:55:21+00:00","og_image":[{"width":1920,"height":918,"url":"https:\/\/kernik.com\/wp-content\/uploads\/2024\/02\/pu-banner-img.jpg","type":"image\/jpeg"}],"twitter_card":"summary_large_image","twitter_misc":{"Est. reading time":"1 minute"},"schema":{"@context":"https:\/\/schema.org","@graph":[{"@type":"WebPage","@id":"https:\/\/kernik.com\/vi\/products\/industrial-product\/application\/polyurethane\/","url":"https:\/\/kernik.com\/vi\/products\/industrial-product\/application\/polyurethane\/","name":"Polyurethane - KERNIK | SURFACE INNOVATION","isPartOf":{"@id":"https:\/\/kernik.com\/#website"},"datePublished":"2024-02-05T06:20:00+00:00","dateModified":"2025-08-06T05:55:21+00:00","breadcrumb":{"@id":"https:\/\/kernik.com\/vi\/products\/industrial-product\/application\/polyurethane\/#breadcrumb"},"inLanguage":"vi-VN","potentialAction":[{"@type":"ReadAction","target":["https:\/\/kernik.com\/vi\/products\/industrial-product\/application\/polyurethane\/"]}]},{"@type":"BreadcrumbList","@id":"https:\/\/kernik.com\/vi\/products\/industrial-product\/application\/polyurethane\/#breadcrumb","itemListElement":[{"@type":"ListItem","position":1,"name":"Home","item":"https:\/\/kernik.com\/"},{"@type":"ListItem","position":2,"name":"S\u1ea3n Ph\u1ea9m","item":"https:\/\/kernik.com\/vi\/products\/"},{"@type":"ListItem","position":3,"name":"S\u1ea3n Ph\u1ea9m C\u00f4ng Nghi\u1ec7p","item":"https:\/\/kernik.com\/vi\/industrial-product\/"},{"@type":"ListItem","position":4,"name":"\u1ee8ng D\u1ee5ng","item":"https:\/\/kernik.com\/vi\/industrial-product\/application\/"},{"@type":"ListItem","position":5,"name":"Polyurethane"}]},{"@type":"WebSite","@id":"https:\/\/kernik.com\/#website","url":"https:\/\/kernik.com\/","name":"KERNIK | SURFACE INNOVATION","description":"At KERNIK, we are expert in surface science. By combining the results of latest scientific researches and practical knowledge, we succeed in as the leader in surface innovations worldwide.","potentialAction":[{"@type":"SearchAction","target":{"@type":"EntryPoint","urlTemplate":"https:\/\/kernik.com\/?s={search_term_string}"},"query-input":"required name=search_term_string"}],"inLanguage":"vi-VN"}]}},"_links":{"self":[{"href":"https:\/\/kernik.com\/vi\/wp-json\/wp\/v2\/pages\/6844","targetHints":{"allow":["GET"]}}],"collection":[{"href":"https:\/\/kernik.com\/vi\/wp-json\/wp\/v2\/pages"}],"about":[{"href":"https:\/\/kernik.com\/vi\/wp-json\/wp\/v2\/types\/page"}],"author":[{"embeddable":true,"href":"https:\/\/kernik.com\/vi\/wp-json\/wp\/v2\/users\/6"}],"replies":[{"embeddable":true,"href":"https:\/\/kernik.com\/vi\/wp-json\/wp\/v2\/comments?post=6844"}],"version-history":[{"count":1,"href":"https:\/\/kernik.com\/vi\/wp-json\/wp\/v2\/pages\/6844\/revisions"}],"predecessor-version":[{"id":6845,"href":"https:\/\/kernik.com\/vi\/wp-json\/wp\/v2\/pages\/6844\/revisions\/6845"}],"up":[{"embeddable":true,"href":"https:\/\/kernik.com\/vi\/wp-json\/wp\/v2\/pages\/6825"}],"wp:featuredmedia":[{"embeddable":true,"href":"https:\/\/kernik.com\/vi\/wp-json\/wp\/v2\/media\/5535"}],"wp:attachment":[{"href":"https:\/\/kernik.com\/vi\/wp-json\/wp\/v2\/media?parent=6844"}],"curies":[{"name":"wp","href":"https:\/\/api.w.org\/{rel}","templated":true}]}}