{"id":6840,"date":"2024-02-05T13:00:38","date_gmt":"2024-02-05T06:00:38","guid":{"rendered":"https:\/\/kernik.com\/products\/industrial-product\/application\/non-woven\/"},"modified":"2025-08-06T14:28:04","modified_gmt":"2025-08-06T07:28:04","slug":"non-woven","status":"publish","type":"page","link":"https:\/\/kernik.com\/vi\/products\/industrial-product\/application\/non-woven\/","title":{"rendered":"V\u1ea3i Kh\u00f4ng D\u1ec7t"},"content":{"rendered":"\n<p>V\u1ea3i kh\u00f4ng d\u1ec7t kh\u00f4ng \u0111\u01b0\u1ee3c \u0111an ho\u1eb7c d\u1ec7t. Ch\u00fang l\u00e0 c\u00e1c t\u1ea5m ho\u1eb7c c\u1ea5u tr\u00fac \u0111\u01b0\u1ee3c li\u00ean k\u1ebft v\u1edbi nhau b\u1eb1ng c\u00e1ch th\u1ee7ng m\u00e0ng ho\u1eb7c s\u1ee3i th\u00f4ng qua c\u00e1c quy tr\u00ecnh h\u00f3a h\u1ecdc, c\u01a1 h\u1ecdc ho\u1eb7c nhi\u1ec7t. Kh\u00f4ng gi\u1ed1ng nh\u01b0 len ho\u1eb7c l\u1ee5a, v\u1ea3i n\u00e0y kh\u00f4ng y\u00eau c\u1ea7u ph\u1ea3i l\u00e0m t\u1eeb s\u1ee3i.<\/p>\n","protected":false},"excerpt":{"rendered":"<p>V\u1ea3i kh\u00f4ng d\u1ec7t kh\u00f4ng \u0111\u01b0\u1ee3c \u0111an ho\u1eb7c d\u1ec7t. Ch\u00fang l\u00e0 c\u00e1c t\u1ea5m ho\u1eb7c c\u1ea5u tr\u00fac \u0111\u01b0\u1ee3c li\u00ean k\u1ebft v\u1edbi nhau b\u1eb1ng c\u00e1ch th\u1ee7ng m\u00e0ng ho\u1eb7c s\u1ee3i th\u00f4ng qua c\u00e1c quy tr\u00ecnh h\u00f3a h\u1ecdc, c\u01a1 h\u1ecdc ho\u1eb7c nhi\u1ec7t. Kh\u00f4ng gi\u1ed1ng nh\u01b0 len ho\u1eb7c l\u1ee5a, v\u1ea3i n\u00e0y kh\u00f4ng y\u00eau c\u1ea7u ph\u1ea3i l\u00e0m t\u1eeb s\u1ee3i.<\/p>\n","protected":false},"author":6,"featured_media":5549,"parent":6825,"menu_order":0,"comment_status":"closed","ping_status":"closed","template":"p_SingleApplicationProduct.php","meta":{"_acf_changed":false,"footnotes":""},"class_list":["post-6840","page","type-page","status-publish","has-post-thumbnail","hentry"],"acf":[],"yoast_head":"<!-- This site is optimized with the Yoast SEO plugin v22.0 - https:\/\/yoast.com\/wordpress\/plugins\/seo\/ -->\n<title>V\u1ea3i Kh\u00f4ng D\u1ec7t - KERNIK | SURFACE INNOVATION<\/title>\n<meta name=\"robots\" content=\"index, follow, max-snippet:-1, max-image-preview:large, max-video-preview:-1\" \/>\n<link rel=\"canonical\" href=\"https:\/\/kernik.com\/vi\/products\/industrial-product\/application\/non-woven\/\" \/>\n<meta property=\"og:locale\" content=\"vi_VN\" \/>\n<meta property=\"og:type\" content=\"article\" \/>\n<meta property=\"og:title\" content=\"V\u1ea3i Kh\u00f4ng D\u1ec7t - KERNIK | SURFACE INNOVATION\" \/>\n<meta property=\"og:description\" content=\"V\u1ea3i kh\u00f4ng d\u1ec7t kh\u00f4ng \u0111\u01b0\u1ee3c \u0111an ho\u1eb7c d\u1ec7t. Ch\u00fang l\u00e0 c\u00e1c t\u1ea5m ho\u1eb7c c\u1ea5u tr\u00fac \u0111\u01b0\u1ee3c li\u00ean k\u1ebft v\u1edbi nhau b\u1eb1ng c\u00e1ch th\u1ee7ng m\u00e0ng ho\u1eb7c s\u1ee3i th\u00f4ng qua c\u00e1c quy tr\u00ecnh h\u00f3a h\u1ecdc, c\u01a1 h\u1ecdc ho\u1eb7c nhi\u1ec7t. Kh\u00f4ng gi\u1ed1ng nh\u01b0 len ho\u1eb7c l\u1ee5a, v\u1ea3i n\u00e0y kh\u00f4ng y\u00eau c\u1ea7u ph\u1ea3i l\u00e0m t\u1eeb s\u1ee3i.\" \/>\n<meta property=\"og:url\" content=\"https:\/\/kernik.com\/vi\/products\/industrial-product\/application\/non-woven\/\" \/>\n<meta property=\"og:site_name\" content=\"KERNIK | SURFACE INNOVATION\" \/>\n<meta property=\"article:publisher\" content=\"https:\/\/www.facebook.com\/Kernik.Thailand\" \/>\n<meta property=\"article:modified_time\" content=\"2025-08-06T07:28:04+00:00\" \/>\n<meta property=\"og:image\" content=\"https:\/\/kernik.com\/wp-content\/uploads\/2024\/02\/nonwoven-banner-img.jpg\" \/>\n\t<meta property=\"og:image:width\" content=\"1920\" \/>\n\t<meta property=\"og:image:height\" content=\"918\" \/>\n\t<meta property=\"og:image:type\" content=\"image\/jpeg\" \/>\n<meta name=\"twitter:card\" content=\"summary_large_image\" \/>\n<script type=\"application\/ld+json\" class=\"yoast-schema-graph\">{\"@context\":\"https:\/\/schema.org\",\"@graph\":[{\"@type\":\"WebPage\",\"@id\":\"https:\/\/kernik.com\/vi\/products\/industrial-product\/application\/non-woven\/\",\"url\":\"https:\/\/kernik.com\/vi\/products\/industrial-product\/application\/non-woven\/\",\"name\":\"V\u1ea3i Kh\u00f4ng D\u1ec7t - KERNIK | SURFACE INNOVATION\",\"isPartOf\":{\"@id\":\"https:\/\/kernik.com\/#website\"},\"datePublished\":\"2024-02-05T06:00:38+00:00\",\"dateModified\":\"2025-08-06T07:28:04+00:00\",\"breadcrumb\":{\"@id\":\"https:\/\/kernik.com\/vi\/products\/industrial-product\/application\/non-woven\/#breadcrumb\"},\"inLanguage\":\"vi-VN\",\"potentialAction\":[{\"@type\":\"ReadAction\",\"target\":[\"https:\/\/kernik.com\/vi\/products\/industrial-product\/application\/non-woven\/\"]}]},{\"@type\":\"BreadcrumbList\",\"@id\":\"https:\/\/kernik.com\/vi\/products\/industrial-product\/application\/non-woven\/#breadcrumb\",\"itemListElement\":[{\"@type\":\"ListItem\",\"position\":1,\"name\":\"Home\",\"item\":\"https:\/\/kernik.com\/\"},{\"@type\":\"ListItem\",\"position\":2,\"name\":\"S\u1ea3n Ph\u1ea9m\",\"item\":\"https:\/\/kernik.com\/vi\/products\/\"},{\"@type\":\"ListItem\",\"position\":3,\"name\":\"S\u1ea3n Ph\u1ea9m C\u00f4ng Nghi\u1ec7p\",\"item\":\"https:\/\/kernik.com\/vi\/industrial-product\/\"},{\"@type\":\"ListItem\",\"position\":4,\"name\":\"\u1ee8ng D\u1ee5ng\",\"item\":\"https:\/\/kernik.com\/vi\/industrial-product\/application\/\"},{\"@type\":\"ListItem\",\"position\":5,\"name\":\"V\u1ea3i Kh\u00f4ng D\u1ec7t\"}]},{\"@type\":\"WebSite\",\"@id\":\"https:\/\/kernik.com\/#website\",\"url\":\"https:\/\/kernik.com\/\",\"name\":\"KERNIK | SURFACE INNOVATION\",\"description\":\"At KERNIK, we are expert in surface science. By combining the results of latest scientific researches and practical knowledge, we succeed in as the leader in surface innovations worldwide.\",\"potentialAction\":[{\"@type\":\"SearchAction\",\"target\":{\"@type\":\"EntryPoint\",\"urlTemplate\":\"https:\/\/kernik.com\/?s={search_term_string}\"},\"query-input\":\"required name=search_term_string\"}],\"inLanguage\":\"vi-VN\"}]}<\/script>\n<!-- \/ Yoast SEO plugin. -->","yoast_head_json":{"title":"V\u1ea3i Kh\u00f4ng D\u1ec7t - KERNIK | SURFACE INNOVATION","robots":{"index":"index","follow":"follow","max-snippet":"max-snippet:-1","max-image-preview":"max-image-preview:large","max-video-preview":"max-video-preview:-1"},"canonical":"https:\/\/kernik.com\/vi\/products\/industrial-product\/application\/non-woven\/","og_locale":"vi_VN","og_type":"article","og_title":"V\u1ea3i Kh\u00f4ng D\u1ec7t - KERNIK | SURFACE INNOVATION","og_description":"V\u1ea3i kh\u00f4ng d\u1ec7t kh\u00f4ng \u0111\u01b0\u1ee3c \u0111an ho\u1eb7c d\u1ec7t. Ch\u00fang l\u00e0 c\u00e1c t\u1ea5m ho\u1eb7c c\u1ea5u tr\u00fac \u0111\u01b0\u1ee3c li\u00ean k\u1ebft v\u1edbi nhau b\u1eb1ng c\u00e1ch th\u1ee7ng m\u00e0ng ho\u1eb7c s\u1ee3i th\u00f4ng qua c\u00e1c quy tr\u00ecnh h\u00f3a h\u1ecdc, c\u01a1 h\u1ecdc ho\u1eb7c nhi\u1ec7t. Kh\u00f4ng gi\u1ed1ng nh\u01b0 len ho\u1eb7c l\u1ee5a, v\u1ea3i n\u00e0y kh\u00f4ng y\u00eau c\u1ea7u ph\u1ea3i l\u00e0m t\u1eeb s\u1ee3i.","og_url":"https:\/\/kernik.com\/vi\/products\/industrial-product\/application\/non-woven\/","og_site_name":"KERNIK | SURFACE INNOVATION","article_publisher":"https:\/\/www.facebook.com\/Kernik.Thailand","article_modified_time":"2025-08-06T07:28:04+00:00","og_image":[{"width":1920,"height":918,"url":"https:\/\/kernik.com\/wp-content\/uploads\/2024\/02\/nonwoven-banner-img.jpg","type":"image\/jpeg"}],"twitter_card":"summary_large_image","schema":{"@context":"https:\/\/schema.org","@graph":[{"@type":"WebPage","@id":"https:\/\/kernik.com\/vi\/products\/industrial-product\/application\/non-woven\/","url":"https:\/\/kernik.com\/vi\/products\/industrial-product\/application\/non-woven\/","name":"V\u1ea3i Kh\u00f4ng D\u1ec7t - KERNIK | SURFACE INNOVATION","isPartOf":{"@id":"https:\/\/kernik.com\/#website"},"datePublished":"2024-02-05T06:00:38+00:00","dateModified":"2025-08-06T07:28:04+00:00","breadcrumb":{"@id":"https:\/\/kernik.com\/vi\/products\/industrial-product\/application\/non-woven\/#breadcrumb"},"inLanguage":"vi-VN","potentialAction":[{"@type":"ReadAction","target":["https:\/\/kernik.com\/vi\/products\/industrial-product\/application\/non-woven\/"]}]},{"@type":"BreadcrumbList","@id":"https:\/\/kernik.com\/vi\/products\/industrial-product\/application\/non-woven\/#breadcrumb","itemListElement":[{"@type":"ListItem","position":1,"name":"Home","item":"https:\/\/kernik.com\/"},{"@type":"ListItem","position":2,"name":"S\u1ea3n Ph\u1ea9m","item":"https:\/\/kernik.com\/vi\/products\/"},{"@type":"ListItem","position":3,"name":"S\u1ea3n Ph\u1ea9m C\u00f4ng Nghi\u1ec7p","item":"https:\/\/kernik.com\/vi\/industrial-product\/"},{"@type":"ListItem","position":4,"name":"\u1ee8ng D\u1ee5ng","item":"https:\/\/kernik.com\/vi\/industrial-product\/application\/"},{"@type":"ListItem","position":5,"name":"V\u1ea3i Kh\u00f4ng D\u1ec7t"}]},{"@type":"WebSite","@id":"https:\/\/kernik.com\/#website","url":"https:\/\/kernik.com\/","name":"KERNIK | SURFACE INNOVATION","description":"At KERNIK, we are expert in surface science. By combining the results of latest scientific researches and practical knowledge, we succeed in as the leader in surface innovations worldwide.","potentialAction":[{"@type":"SearchAction","target":{"@type":"EntryPoint","urlTemplate":"https:\/\/kernik.com\/?s={search_term_string}"},"query-input":"required name=search_term_string"}],"inLanguage":"vi-VN"}]}},"_links":{"self":[{"href":"https:\/\/kernik.com\/vi\/wp-json\/wp\/v2\/pages\/6840","targetHints":{"allow":["GET"]}}],"collection":[{"href":"https:\/\/kernik.com\/vi\/wp-json\/wp\/v2\/pages"}],"about":[{"href":"https:\/\/kernik.com\/vi\/wp-json\/wp\/v2\/types\/page"}],"author":[{"embeddable":true,"href":"https:\/\/kernik.com\/vi\/wp-json\/wp\/v2\/users\/6"}],"replies":[{"embeddable":true,"href":"https:\/\/kernik.com\/vi\/wp-json\/wp\/v2\/comments?post=6840"}],"version-history":[{"count":3,"href":"https:\/\/kernik.com\/vi\/wp-json\/wp\/v2\/pages\/6840\/revisions"}],"predecessor-version":[{"id":6861,"href":"https:\/\/kernik.com\/vi\/wp-json\/wp\/v2\/pages\/6840\/revisions\/6861"}],"up":[{"embeddable":true,"href":"https:\/\/kernik.com\/vi\/wp-json\/wp\/v2\/pages\/6825"}],"wp:featuredmedia":[{"embeddable":true,"href":"https:\/\/kernik.com\/vi\/wp-json\/wp\/v2\/media\/5549"}],"wp:attachment":[{"href":"https:\/\/kernik.com\/vi\/wp-json\/wp\/v2\/media?parent=6840"}],"curies":[{"name":"wp","href":"https:\/\/api.w.org\/{rel}","templated":true}]}}