{"id":6838,"date":"2024-02-05T12:50:00","date_gmt":"2024-02-05T05:50:00","guid":{"rendered":"https:\/\/kernik.com\/products\/industrial-product\/application\/plastic\/"},"modified":"2025-08-06T14:23:55","modified_gmt":"2025-08-06T07:23:55","slug":"plastic","status":"publish","type":"page","link":"https:\/\/kernik.com\/vi\/products\/industrial-product\/application\/plastic\/","title":{"rendered":"Nh\u1ef1a"},"content":{"rendered":"\n<p>\u0110\u00fac quay l\u00e0 m\u1ed9t quy tr\u00ecnh s\u1ea3n xu\u1ea5t linh ho\u1ea1t cho ph\u00e9p t\u1ea1o ra nhi\u1ec1u lo\u1ea1i s\u1ea3n ph\u1ea9m nh\u1ef1a kh\u00e1c nhau, bao g\u1ed3m h\u1ed9p pin, b\u1ec3 n\u01b0\u1edbc, b\u1ec3 d\u1ea7u v\u00e0 c\u00e1c th\u00f9ng ch\u1ee9a kh\u00e1c. M\u1ed9t trong nh\u1eefng lo\u1ea1i nh\u1ef1a \u0111\u01b0\u1ee3c s\u1eed d\u1ee5ng ph\u1ed5 bi\u1ebfn nh\u1ea5t trong \u0111\u00fac quay l\u00e0 polyethylene, m\u1ed9t lo\u1ea1i polymer nhi\u1ec7t d\u1ebbo \u0111\u01b0\u1ee3c bi\u1ebft \u0111\u1ebfn v\u1edbi nh\u1eefng t\u00ednh ch\u1ea5t xu\u1ea5t s\u1eafc.<\/p>\n","protected":false},"excerpt":{"rendered":"<p>\u0110\u00fac quay l\u00e0 m\u1ed9t quy tr\u00ecnh s\u1ea3n xu\u1ea5t linh ho\u1ea1t cho ph\u00e9p t\u1ea1o ra nhi\u1ec1u lo\u1ea1i s\u1ea3n ph\u1ea9m nh\u1ef1a kh\u00e1c nhau, bao g\u1ed3m h\u1ed9p pin, b\u1ec3 n\u01b0\u1edbc, b\u1ec3 d\u1ea7u v\u00e0 c\u00e1c th\u00f9ng ch\u1ee9a kh\u00e1c. M\u1ed9t trong nh\u1eefng lo\u1ea1i nh\u1ef1a \u0111\u01b0\u1ee3c s\u1eed d\u1ee5ng ph\u1ed5 bi\u1ebfn nh\u1ea5t trong \u0111\u00fac quay l\u00e0 polyethylene, m\u1ed9t lo\u1ea1i polymer nhi\u1ec7t d\u1ebbo&#8230;<\/p>\n","protected":false},"author":6,"featured_media":5547,"parent":6825,"menu_order":0,"comment_status":"closed","ping_status":"closed","template":"p_SingleApplicationProduct.php","meta":{"_acf_changed":false,"footnotes":""},"class_list":["post-6838","page","type-page","status-publish","has-post-thumbnail","hentry"],"acf":[],"yoast_head":"<!-- This site is optimized with the Yoast SEO plugin v22.0 - https:\/\/yoast.com\/wordpress\/plugins\/seo\/ -->\n<title>Nh\u1ef1a - KERNIK | SURFACE INNOVATION<\/title>\n<meta name=\"robots\" content=\"index, follow, max-snippet:-1, max-image-preview:large, max-video-preview:-1\" \/>\n<link rel=\"canonical\" href=\"https:\/\/kernik.com\/vi\/products\/industrial-product\/application\/plastic\/\" \/>\n<meta property=\"og:locale\" content=\"vi_VN\" \/>\n<meta property=\"og:type\" content=\"article\" \/>\n<meta property=\"og:title\" content=\"Nh\u1ef1a - KERNIK | SURFACE INNOVATION\" \/>\n<meta property=\"og:description\" content=\"\u0110\u00fac quay l\u00e0 m\u1ed9t quy tr\u00ecnh s\u1ea3n xu\u1ea5t linh ho\u1ea1t cho ph\u00e9p t\u1ea1o ra nhi\u1ec1u lo\u1ea1i s\u1ea3n ph\u1ea9m nh\u1ef1a kh\u00e1c nhau, bao g\u1ed3m h\u1ed9p pin, b\u1ec3 n\u01b0\u1edbc, b\u1ec3 d\u1ea7u v\u00e0 c\u00e1c th\u00f9ng ch\u1ee9a kh\u00e1c. M\u1ed9t trong nh\u1eefng lo\u1ea1i nh\u1ef1a \u0111\u01b0\u1ee3c s\u1eed d\u1ee5ng ph\u1ed5 bi\u1ebfn nh\u1ea5t trong \u0111\u00fac quay l\u00e0 polyethylene, m\u1ed9t lo\u1ea1i polymer nhi\u1ec7t d\u1ebbo...\" \/>\n<meta property=\"og:url\" content=\"https:\/\/kernik.com\/vi\/products\/industrial-product\/application\/plastic\/\" \/>\n<meta property=\"og:site_name\" content=\"KERNIK | SURFACE INNOVATION\" \/>\n<meta property=\"article:publisher\" content=\"https:\/\/www.facebook.com\/Kernik.Thailand\" \/>\n<meta property=\"article:modified_time\" content=\"2025-08-06T07:23:55+00:00\" \/>\n<meta property=\"og:image\" content=\"https:\/\/kernik.com\/wp-content\/uploads\/2024\/02\/plastic-banner-img-1.jpg\" \/>\n\t<meta property=\"og:image:width\" content=\"1920\" \/>\n\t<meta property=\"og:image:height\" content=\"918\" \/>\n\t<meta property=\"og:image:type\" content=\"image\/jpeg\" \/>\n<meta name=\"twitter:card\" content=\"summary_large_image\" \/>\n<meta name=\"twitter:label1\" content=\"Est. reading time\" \/>\n\t<meta name=\"twitter:data1\" content=\"1 minute\" \/>\n<script type=\"application\/ld+json\" class=\"yoast-schema-graph\">{\"@context\":\"https:\/\/schema.org\",\"@graph\":[{\"@type\":\"WebPage\",\"@id\":\"https:\/\/kernik.com\/vi\/products\/industrial-product\/application\/plastic\/\",\"url\":\"https:\/\/kernik.com\/vi\/products\/industrial-product\/application\/plastic\/\",\"name\":\"Nh\u1ef1a - KERNIK | SURFACE INNOVATION\",\"isPartOf\":{\"@id\":\"https:\/\/kernik.com\/#website\"},\"datePublished\":\"2024-02-05T05:50:00+00:00\",\"dateModified\":\"2025-08-06T07:23:55+00:00\",\"breadcrumb\":{\"@id\":\"https:\/\/kernik.com\/vi\/products\/industrial-product\/application\/plastic\/#breadcrumb\"},\"inLanguage\":\"vi-VN\",\"potentialAction\":[{\"@type\":\"ReadAction\",\"target\":[\"https:\/\/kernik.com\/vi\/products\/industrial-product\/application\/plastic\/\"]}]},{\"@type\":\"BreadcrumbList\",\"@id\":\"https:\/\/kernik.com\/vi\/products\/industrial-product\/application\/plastic\/#breadcrumb\",\"itemListElement\":[{\"@type\":\"ListItem\",\"position\":1,\"name\":\"Home\",\"item\":\"https:\/\/kernik.com\/\"},{\"@type\":\"ListItem\",\"position\":2,\"name\":\"S\u1ea3n Ph\u1ea9m\",\"item\":\"https:\/\/kernik.com\/vi\/products\/\"},{\"@type\":\"ListItem\",\"position\":3,\"name\":\"S\u1ea3n Ph\u1ea9m C\u00f4ng Nghi\u1ec7p\",\"item\":\"https:\/\/kernik.com\/vi\/industrial-product\/\"},{\"@type\":\"ListItem\",\"position\":4,\"name\":\"\u1ee8ng D\u1ee5ng\",\"item\":\"https:\/\/kernik.com\/vi\/industrial-product\/application\/\"},{\"@type\":\"ListItem\",\"position\":5,\"name\":\"Nh\u1ef1a\"}]},{\"@type\":\"WebSite\",\"@id\":\"https:\/\/kernik.com\/#website\",\"url\":\"https:\/\/kernik.com\/\",\"name\":\"KERNIK | SURFACE INNOVATION\",\"description\":\"At KERNIK, we are expert in surface science. By combining the results of latest scientific researches and practical knowledge, we succeed in as the leader in surface innovations worldwide.\",\"potentialAction\":[{\"@type\":\"SearchAction\",\"target\":{\"@type\":\"EntryPoint\",\"urlTemplate\":\"https:\/\/kernik.com\/?s={search_term_string}\"},\"query-input\":\"required name=search_term_string\"}],\"inLanguage\":\"vi-VN\"}]}<\/script>\n<!-- \/ Yoast SEO plugin. -->","yoast_head_json":{"title":"Nh\u1ef1a - KERNIK | SURFACE INNOVATION","robots":{"index":"index","follow":"follow","max-snippet":"max-snippet:-1","max-image-preview":"max-image-preview:large","max-video-preview":"max-video-preview:-1"},"canonical":"https:\/\/kernik.com\/vi\/products\/industrial-product\/application\/plastic\/","og_locale":"vi_VN","og_type":"article","og_title":"Nh\u1ef1a - KERNIK | SURFACE INNOVATION","og_description":"\u0110\u00fac quay l\u00e0 m\u1ed9t quy tr\u00ecnh s\u1ea3n xu\u1ea5t linh ho\u1ea1t cho ph\u00e9p t\u1ea1o ra nhi\u1ec1u lo\u1ea1i s\u1ea3n ph\u1ea9m nh\u1ef1a kh\u00e1c nhau, bao g\u1ed3m h\u1ed9p pin, b\u1ec3 n\u01b0\u1edbc, b\u1ec3 d\u1ea7u v\u00e0 c\u00e1c th\u00f9ng ch\u1ee9a kh\u00e1c. M\u1ed9t trong nh\u1eefng lo\u1ea1i nh\u1ef1a \u0111\u01b0\u1ee3c s\u1eed d\u1ee5ng ph\u1ed5 bi\u1ebfn nh\u1ea5t trong \u0111\u00fac quay l\u00e0 polyethylene, m\u1ed9t lo\u1ea1i polymer nhi\u1ec7t d\u1ebbo...","og_url":"https:\/\/kernik.com\/vi\/products\/industrial-product\/application\/plastic\/","og_site_name":"KERNIK | SURFACE INNOVATION","article_publisher":"https:\/\/www.facebook.com\/Kernik.Thailand","article_modified_time":"2025-08-06T07:23:55+00:00","og_image":[{"width":1920,"height":918,"url":"https:\/\/kernik.com\/wp-content\/uploads\/2024\/02\/plastic-banner-img-1.jpg","type":"image\/jpeg"}],"twitter_card":"summary_large_image","twitter_misc":{"Est. reading time":"1 minute"},"schema":{"@context":"https:\/\/schema.org","@graph":[{"@type":"WebPage","@id":"https:\/\/kernik.com\/vi\/products\/industrial-product\/application\/plastic\/","url":"https:\/\/kernik.com\/vi\/products\/industrial-product\/application\/plastic\/","name":"Nh\u1ef1a - KERNIK | SURFACE INNOVATION","isPartOf":{"@id":"https:\/\/kernik.com\/#website"},"datePublished":"2024-02-05T05:50:00+00:00","dateModified":"2025-08-06T07:23:55+00:00","breadcrumb":{"@id":"https:\/\/kernik.com\/vi\/products\/industrial-product\/application\/plastic\/#breadcrumb"},"inLanguage":"vi-VN","potentialAction":[{"@type":"ReadAction","target":["https:\/\/kernik.com\/vi\/products\/industrial-product\/application\/plastic\/"]}]},{"@type":"BreadcrumbList","@id":"https:\/\/kernik.com\/vi\/products\/industrial-product\/application\/plastic\/#breadcrumb","itemListElement":[{"@type":"ListItem","position":1,"name":"Home","item":"https:\/\/kernik.com\/"},{"@type":"ListItem","position":2,"name":"S\u1ea3n Ph\u1ea9m","item":"https:\/\/kernik.com\/vi\/products\/"},{"@type":"ListItem","position":3,"name":"S\u1ea3n Ph\u1ea9m C\u00f4ng Nghi\u1ec7p","item":"https:\/\/kernik.com\/vi\/industrial-product\/"},{"@type":"ListItem","position":4,"name":"\u1ee8ng D\u1ee5ng","item":"https:\/\/kernik.com\/vi\/industrial-product\/application\/"},{"@type":"ListItem","position":5,"name":"Nh\u1ef1a"}]},{"@type":"WebSite","@id":"https:\/\/kernik.com\/#website","url":"https:\/\/kernik.com\/","name":"KERNIK | SURFACE INNOVATION","description":"At KERNIK, we are expert in surface science. By combining the results of latest scientific researches and practical knowledge, we succeed in as the leader in surface innovations worldwide.","potentialAction":[{"@type":"SearchAction","target":{"@type":"EntryPoint","urlTemplate":"https:\/\/kernik.com\/?s={search_term_string}"},"query-input":"required name=search_term_string"}],"inLanguage":"vi-VN"}]}},"_links":{"self":[{"href":"https:\/\/kernik.com\/vi\/wp-json\/wp\/v2\/pages\/6838","targetHints":{"allow":["GET"]}}],"collection":[{"href":"https:\/\/kernik.com\/vi\/wp-json\/wp\/v2\/pages"}],"about":[{"href":"https:\/\/kernik.com\/vi\/wp-json\/wp\/v2\/types\/page"}],"author":[{"embeddable":true,"href":"https:\/\/kernik.com\/vi\/wp-json\/wp\/v2\/users\/6"}],"replies":[{"embeddable":true,"href":"https:\/\/kernik.com\/vi\/wp-json\/wp\/v2\/comments?post=6838"}],"version-history":[{"count":2,"href":"https:\/\/kernik.com\/vi\/wp-json\/wp\/v2\/pages\/6838\/revisions"}],"predecessor-version":[{"id":6855,"href":"https:\/\/kernik.com\/vi\/wp-json\/wp\/v2\/pages\/6838\/revisions\/6855"}],"up":[{"embeddable":true,"href":"https:\/\/kernik.com\/vi\/wp-json\/wp\/v2\/pages\/6825"}],"wp:featuredmedia":[{"embeddable":true,"href":"https:\/\/kernik.com\/vi\/wp-json\/wp\/v2\/media\/5547"}],"wp:attachment":[{"href":"https:\/\/kernik.com\/vi\/wp-json\/wp\/v2\/media?parent=6838"}],"curies":[{"name":"wp","href":"https:\/\/api.w.org\/{rel}","templated":true}]}}