{"id":6836,"date":"2024-02-05T12:40:00","date_gmt":"2024-02-05T05:40:00","guid":{"rendered":"https:\/\/kernik.com\/products\/industrial-product\/application\/diecasting\/"},"modified":"2025-08-06T14:21:33","modified_gmt":"2025-08-06T07:21:33","slug":"diecasting","status":"publish","type":"page","link":"https:\/\/kernik.com\/vi\/products\/industrial-product\/application\/diecasting\/","title":{"rendered":"\u0110\u00fac \u00c1p L\u1ef1c"},"content":{"rendered":"\n<p>M\u1ed9t quy tr\u00ecnh \u0111\u00fac kim lo\u1ea1i \u0111\u01b0\u1ee3c \u0111\u1eb7c tr\u01b0ng b\u1edfi vi\u1ec7c \u00e9p kim lo\u1ea1i n\u00f3ng ch\u1ea3y d\u01b0\u1edbi \u00e1p su\u1ea5t cao v\u00e0o khoang khu\u00f4n. Thi\u1ebft b\u1ecb \u0111\u00fac v\u00e0 khu\u00f4n kim lo\u1ea1i \u0111\u1ea1i di\u1ec7n cho chi ph\u00ed v\u1ed1n l\u1edbn v\u00e0 \u0111i\u1ec1u n\u00e0y c\u00f3 xu h\u01b0\u1edbng gi\u1edbi h\u1ea1n quy tr\u00ecnh n\u00e0y cho s\u1ea3n xu\u1ea5t kh\u1ed1i l\u01b0\u1ee3ng l\u1edbn.<\/p>\n","protected":false},"excerpt":{"rendered":"<p>M\u1ed9t quy tr\u00ecnh \u0111\u00fac kim lo\u1ea1i \u0111\u01b0\u1ee3c \u0111\u1eb7c tr\u01b0ng b\u1edfi vi\u1ec7c \u00e9p kim lo\u1ea1i n\u00f3ng ch\u1ea3y d\u01b0\u1edbi \u00e1p su\u1ea5t cao v\u00e0o khoang khu\u00f4n. Thi\u1ebft b\u1ecb \u0111\u00fac v\u00e0 khu\u00f4n kim lo\u1ea1i \u0111\u1ea1i di\u1ec7n cho chi ph\u00ed v\u1ed1n l\u1edbn v\u00e0 \u0111i\u1ec1u n\u00e0y c\u00f3 xu h\u01b0\u1edbng gi\u1edbi h\u1ea1n quy tr\u00ecnh n\u00e0y cho s\u1ea3n xu\u1ea5t kh\u1ed1i l\u01b0\u1ee3ng l\u1edbn.<\/p>\n","protected":false},"author":6,"featured_media":5545,"parent":6825,"menu_order":0,"comment_status":"closed","ping_status":"closed","template":"p_SingleApplicationProduct.php","meta":{"_acf_changed":false,"footnotes":""},"class_list":["post-6836","page","type-page","status-publish","has-post-thumbnail","hentry"],"acf":[],"yoast_head":"<!-- This site is optimized with the Yoast SEO plugin v22.0 - https:\/\/yoast.com\/wordpress\/plugins\/seo\/ -->\n<title>\u0110\u00fac \u00c1p L\u1ef1c - KERNIK | SURFACE INNOVATION<\/title>\n<meta name=\"robots\" content=\"index, follow, max-snippet:-1, max-image-preview:large, max-video-preview:-1\" \/>\n<link rel=\"canonical\" href=\"https:\/\/kernik.com\/vi\/products\/industrial-product\/application\/diecasting\/\" \/>\n<meta property=\"og:locale\" content=\"vi_VN\" \/>\n<meta property=\"og:type\" content=\"article\" \/>\n<meta property=\"og:title\" content=\"\u0110\u00fac \u00c1p L\u1ef1c - KERNIK | SURFACE INNOVATION\" \/>\n<meta property=\"og:description\" content=\"M\u1ed9t quy tr\u00ecnh \u0111\u00fac kim lo\u1ea1i \u0111\u01b0\u1ee3c \u0111\u1eb7c tr\u01b0ng b\u1edfi vi\u1ec7c \u00e9p kim lo\u1ea1i n\u00f3ng ch\u1ea3y d\u01b0\u1edbi \u00e1p su\u1ea5t cao v\u00e0o khoang khu\u00f4n. Thi\u1ebft b\u1ecb \u0111\u00fac v\u00e0 khu\u00f4n kim lo\u1ea1i \u0111\u1ea1i di\u1ec7n cho chi ph\u00ed v\u1ed1n l\u1edbn v\u00e0 \u0111i\u1ec1u n\u00e0y c\u00f3 xu h\u01b0\u1edbng gi\u1edbi h\u1ea1n quy tr\u00ecnh n\u00e0y cho s\u1ea3n xu\u1ea5t kh\u1ed1i l\u01b0\u1ee3ng l\u1edbn.\" \/>\n<meta property=\"og:url\" content=\"https:\/\/kernik.com\/vi\/products\/industrial-product\/application\/diecasting\/\" \/>\n<meta property=\"og:site_name\" content=\"KERNIK | SURFACE INNOVATION\" \/>\n<meta property=\"article:publisher\" content=\"https:\/\/www.facebook.com\/Kernik.Thailand\" \/>\n<meta property=\"article:modified_time\" content=\"2025-08-06T07:21:33+00:00\" \/>\n<meta property=\"og:image\" content=\"https:\/\/kernik.com\/wp-content\/uploads\/2024\/02\/diecasting-banner-img.jpg\" \/>\n\t<meta property=\"og:image:width\" content=\"1920\" \/>\n\t<meta property=\"og:image:height\" content=\"918\" \/>\n\t<meta property=\"og:image:type\" content=\"image\/jpeg\" \/>\n<meta name=\"twitter:card\" content=\"summary_large_image\" \/>\n<script type=\"application\/ld+json\" class=\"yoast-schema-graph\">{\"@context\":\"https:\/\/schema.org\",\"@graph\":[{\"@type\":\"WebPage\",\"@id\":\"https:\/\/kernik.com\/vi\/products\/industrial-product\/application\/diecasting\/\",\"url\":\"https:\/\/kernik.com\/vi\/products\/industrial-product\/application\/diecasting\/\",\"name\":\"\u0110\u00fac \u00c1p L\u1ef1c - KERNIK | SURFACE INNOVATION\",\"isPartOf\":{\"@id\":\"https:\/\/kernik.com\/#website\"},\"datePublished\":\"2024-02-05T05:40:00+00:00\",\"dateModified\":\"2025-08-06T07:21:33+00:00\",\"breadcrumb\":{\"@id\":\"https:\/\/kernik.com\/vi\/products\/industrial-product\/application\/diecasting\/#breadcrumb\"},\"inLanguage\":\"vi-VN\",\"potentialAction\":[{\"@type\":\"ReadAction\",\"target\":[\"https:\/\/kernik.com\/vi\/products\/industrial-product\/application\/diecasting\/\"]}]},{\"@type\":\"BreadcrumbList\",\"@id\":\"https:\/\/kernik.com\/vi\/products\/industrial-product\/application\/diecasting\/#breadcrumb\",\"itemListElement\":[{\"@type\":\"ListItem\",\"position\":1,\"name\":\"Home\",\"item\":\"https:\/\/kernik.com\/\"},{\"@type\":\"ListItem\",\"position\":2,\"name\":\"S\u1ea3n Ph\u1ea9m\",\"item\":\"https:\/\/kernik.com\/vi\/products\/\"},{\"@type\":\"ListItem\",\"position\":3,\"name\":\"S\u1ea3n Ph\u1ea9m C\u00f4ng Nghi\u1ec7p\",\"item\":\"https:\/\/kernik.com\/vi\/industrial-product\/\"},{\"@type\":\"ListItem\",\"position\":4,\"name\":\"\u1ee8ng D\u1ee5ng\",\"item\":\"https:\/\/kernik.com\/vi\/industrial-product\/application\/\"},{\"@type\":\"ListItem\",\"position\":5,\"name\":\"\u0110\u00fac \u00c1p L\u1ef1c\"}]},{\"@type\":\"WebSite\",\"@id\":\"https:\/\/kernik.com\/#website\",\"url\":\"https:\/\/kernik.com\/\",\"name\":\"KERNIK | SURFACE INNOVATION\",\"description\":\"At KERNIK, we are expert in surface science. By combining the results of latest scientific researches and practical knowledge, we succeed in as the leader in surface innovations worldwide.\",\"potentialAction\":[{\"@type\":\"SearchAction\",\"target\":{\"@type\":\"EntryPoint\",\"urlTemplate\":\"https:\/\/kernik.com\/?s={search_term_string}\"},\"query-input\":\"required name=search_term_string\"}],\"inLanguage\":\"vi-VN\"}]}<\/script>\n<!-- \/ Yoast SEO plugin. -->","yoast_head_json":{"title":"\u0110\u00fac \u00c1p L\u1ef1c - KERNIK | SURFACE INNOVATION","robots":{"index":"index","follow":"follow","max-snippet":"max-snippet:-1","max-image-preview":"max-image-preview:large","max-video-preview":"max-video-preview:-1"},"canonical":"https:\/\/kernik.com\/vi\/products\/industrial-product\/application\/diecasting\/","og_locale":"vi_VN","og_type":"article","og_title":"\u0110\u00fac \u00c1p L\u1ef1c - KERNIK | SURFACE INNOVATION","og_description":"M\u1ed9t quy tr\u00ecnh \u0111\u00fac kim lo\u1ea1i \u0111\u01b0\u1ee3c \u0111\u1eb7c tr\u01b0ng b\u1edfi vi\u1ec7c \u00e9p kim lo\u1ea1i n\u00f3ng ch\u1ea3y d\u01b0\u1edbi \u00e1p su\u1ea5t cao v\u00e0o khoang khu\u00f4n. Thi\u1ebft b\u1ecb \u0111\u00fac v\u00e0 khu\u00f4n kim lo\u1ea1i \u0111\u1ea1i di\u1ec7n cho chi ph\u00ed v\u1ed1n l\u1edbn v\u00e0 \u0111i\u1ec1u n\u00e0y c\u00f3 xu h\u01b0\u1edbng gi\u1edbi h\u1ea1n quy tr\u00ecnh n\u00e0y cho s\u1ea3n xu\u1ea5t kh\u1ed1i l\u01b0\u1ee3ng l\u1edbn.","og_url":"https:\/\/kernik.com\/vi\/products\/industrial-product\/application\/diecasting\/","og_site_name":"KERNIK | SURFACE INNOVATION","article_publisher":"https:\/\/www.facebook.com\/Kernik.Thailand","article_modified_time":"2025-08-06T07:21:33+00:00","og_image":[{"width":1920,"height":918,"url":"https:\/\/kernik.com\/wp-content\/uploads\/2024\/02\/diecasting-banner-img.jpg","type":"image\/jpeg"}],"twitter_card":"summary_large_image","schema":{"@context":"https:\/\/schema.org","@graph":[{"@type":"WebPage","@id":"https:\/\/kernik.com\/vi\/products\/industrial-product\/application\/diecasting\/","url":"https:\/\/kernik.com\/vi\/products\/industrial-product\/application\/diecasting\/","name":"\u0110\u00fac \u00c1p L\u1ef1c - KERNIK | SURFACE INNOVATION","isPartOf":{"@id":"https:\/\/kernik.com\/#website"},"datePublished":"2024-02-05T05:40:00+00:00","dateModified":"2025-08-06T07:21:33+00:00","breadcrumb":{"@id":"https:\/\/kernik.com\/vi\/products\/industrial-product\/application\/diecasting\/#breadcrumb"},"inLanguage":"vi-VN","potentialAction":[{"@type":"ReadAction","target":["https:\/\/kernik.com\/vi\/products\/industrial-product\/application\/diecasting\/"]}]},{"@type":"BreadcrumbList","@id":"https:\/\/kernik.com\/vi\/products\/industrial-product\/application\/diecasting\/#breadcrumb","itemListElement":[{"@type":"ListItem","position":1,"name":"Home","item":"https:\/\/kernik.com\/"},{"@type":"ListItem","position":2,"name":"S\u1ea3n Ph\u1ea9m","item":"https:\/\/kernik.com\/vi\/products\/"},{"@type":"ListItem","position":3,"name":"S\u1ea3n Ph\u1ea9m C\u00f4ng Nghi\u1ec7p","item":"https:\/\/kernik.com\/vi\/industrial-product\/"},{"@type":"ListItem","position":4,"name":"\u1ee8ng D\u1ee5ng","item":"https:\/\/kernik.com\/vi\/industrial-product\/application\/"},{"@type":"ListItem","position":5,"name":"\u0110\u00fac \u00c1p L\u1ef1c"}]},{"@type":"WebSite","@id":"https:\/\/kernik.com\/#website","url":"https:\/\/kernik.com\/","name":"KERNIK | SURFACE INNOVATION","description":"At KERNIK, we are expert in surface science. By combining the results of latest scientific researches and practical knowledge, we succeed in as the leader in surface innovations worldwide.","potentialAction":[{"@type":"SearchAction","target":{"@type":"EntryPoint","urlTemplate":"https:\/\/kernik.com\/?s={search_term_string}"},"query-input":"required name=search_term_string"}],"inLanguage":"vi-VN"}]}},"_links":{"self":[{"href":"https:\/\/kernik.com\/vi\/wp-json\/wp\/v2\/pages\/6836","targetHints":{"allow":["GET"]}}],"collection":[{"href":"https:\/\/kernik.com\/vi\/wp-json\/wp\/v2\/pages"}],"about":[{"href":"https:\/\/kernik.com\/vi\/wp-json\/wp\/v2\/types\/page"}],"author":[{"embeddable":true,"href":"https:\/\/kernik.com\/vi\/wp-json\/wp\/v2\/users\/6"}],"replies":[{"embeddable":true,"href":"https:\/\/kernik.com\/vi\/wp-json\/wp\/v2\/comments?post=6836"}],"version-history":[{"count":2,"href":"https:\/\/kernik.com\/vi\/wp-json\/wp\/v2\/pages\/6836\/revisions"}],"predecessor-version":[{"id":6853,"href":"https:\/\/kernik.com\/vi\/wp-json\/wp\/v2\/pages\/6836\/revisions\/6853"}],"up":[{"embeddable":true,"href":"https:\/\/kernik.com\/vi\/wp-json\/wp\/v2\/pages\/6825"}],"wp:featuredmedia":[{"embeddable":true,"href":"https:\/\/kernik.com\/vi\/wp-json\/wp\/v2\/media\/5545"}],"wp:attachment":[{"href":"https:\/\/kernik.com\/vi\/wp-json\/wp\/v2\/media?parent=6836"}],"curies":[{"name":"wp","href":"https:\/\/api.w.org\/{rel}","templated":true}]}}