{"id":6828,"date":"2024-02-04T14:05:37","date_gmt":"2024-02-04T07:05:37","guid":{"rendered":"https:\/\/kernik.com\/products\/"},"modified":"2025-08-06T12:49:48","modified_gmt":"2025-08-06T05:49:48","slug":"products","status":"publish","type":"page","link":"https:\/\/kernik.com\/vi\/products\/","title":{"rendered":"S\u1ea3n Ph\u1ea9m"},"content":{"rendered":"\n<p>T\u1ea1i KERNIK, \u0111\u1ed9i ng\u0169 nghi\u00ean c\u1ee9u v\u00e0 ph\u00e1t tri\u1ec3n c\u1ee7a ch\u00fang t\u00f4i lu\u00f4n \u0111\u1eb7t ra nh\u1eefng ti\u00eau chu\u1ea9n cao \u0111\u1ec3 kh\u00f4ng ng\u1eebng t\u1ea1o ra c\u00e1c s\u1ea3n ph\u1ea9m ch\u1ea5t l\u01b0\u1ee3ng h\u00e0ng \u0111\u1ea7u, nh\u1eb1m n\u00e2ng cao gi\u00e1 tr\u1ecb v\u00e0 s\u1ef1 h\u00e0i l\u00f2ng c\u1ee7a kh\u00e1ch h\u00e0ng.<\/p>\n\n\n\n<p>Ch\u00fang t\u00f4i t\u1ef1 h\u00e0o l\u00e0 nh\u1eefng chuy\u00ean gia trong l\u0129nh v\u1ef1c s\u1ea3n xu\u1ea5t h\u00f3a ch\u1ea5t, v\u1edbi kh\u1ea3 n\u0103ng th\u1ea5u hi\u1ec3u nhu c\u1ea7u v\u00e0 th\u00e1ch th\u1ee9c c\u1ee7a kh\u00e1ch h\u00e0ng. T\u1eeb \u0111\u00f3, ch\u00fang t\u00f4i cung c\u1ea5p c\u00e1c gi\u1ea3i ph\u00e1p ph\u00f9 h\u1ee3p v\u00e0 mang \u0111\u1ebfn nh\u1eefng s\u1ea3n ph\u1ea9m c\u00f3 ch\u1ea5t l\u01b0\u1ee3ng cao. \u0110i\u1ec1u l\u00e0m n\u00ean s\u1ef1 kh\u00e1c bi\u1ec7t c\u1ee7a ch\u00fang t\u00f4i ch\u00ednh l\u00e0 b\u1ed9 ph\u1eadn Nghi\u00ean c\u1ee9u v\u00e0 Ph\u00e1t tri\u1ec3n, gi\u00fap KERNIK lu\u00f4n \u0111i \u0111\u1ea7u trong \u0111\u1ed5i m\u1edbi v\u00e0 xu\u1ea5t s\u1eafc v\u1ec1 s\u1ea3n ph\u1ea9m.<\/p>\n","protected":false},"excerpt":{"rendered":"<p>T\u1ea1i KERNIK, \u0111\u1ed9i ng\u0169 nghi\u00ean c\u1ee9u v\u00e0 ph\u00e1t tri\u1ec3n c\u1ee7a ch\u00fang t\u00f4i lu\u00f4n \u0111\u1eb7t ra nh\u1eefng ti\u00eau chu\u1ea9n cao \u0111\u1ec3 kh\u00f4ng ng\u1eebng t\u1ea1o ra c\u00e1c s\u1ea3n ph\u1ea9m ch\u1ea5t l\u01b0\u1ee3ng h\u00e0ng \u0111\u1ea7u, nh\u1eb1m n\u00e2ng cao gi\u00e1 tr\u1ecb v\u00e0 s\u1ef1 h\u00e0i l\u00f2ng c\u1ee7a kh\u00e1ch h\u00e0ng. Ch\u00fang t\u00f4i t\u1ef1 h\u00e0o l\u00e0 nh\u1eefng chuy\u00ean gia trong l\u0129nh v\u1ef1c s\u1ea3n&#8230;<\/p>\n","protected":false},"author":6,"featured_media":5575,"parent":0,"menu_order":0,"comment_status":"closed","ping_status":"closed","template":"p_Products.php","meta":{"_acf_changed":false,"footnotes":""},"class_list":["post-6828","page","type-page","status-publish","has-post-thumbnail","hentry"],"acf":[],"yoast_head":"<!-- This site is optimized with the Yoast SEO plugin v22.0 - https:\/\/yoast.com\/wordpress\/plugins\/seo\/ -->\n<title>S\u1ea3n Ph\u1ea9m - KERNIK | SURFACE INNOVATION<\/title>\n<meta name=\"robots\" content=\"index, follow, max-snippet:-1, max-image-preview:large, max-video-preview:-1\" \/>\n<link rel=\"canonical\" href=\"https:\/\/kernik.com\/vi\/products\/\" \/>\n<meta property=\"og:locale\" content=\"vi_VN\" \/>\n<meta property=\"og:type\" content=\"article\" \/>\n<meta property=\"og:title\" content=\"S\u1ea3n Ph\u1ea9m - KERNIK | SURFACE INNOVATION\" \/>\n<meta property=\"og:description\" content=\"T\u1ea1i KERNIK, \u0111\u1ed9i ng\u0169 nghi\u00ean c\u1ee9u v\u00e0 ph\u00e1t tri\u1ec3n c\u1ee7a ch\u00fang t\u00f4i lu\u00f4n \u0111\u1eb7t ra nh\u1eefng ti\u00eau chu\u1ea9n cao \u0111\u1ec3 kh\u00f4ng ng\u1eebng t\u1ea1o ra c\u00e1c s\u1ea3n ph\u1ea9m ch\u1ea5t l\u01b0\u1ee3ng h\u00e0ng \u0111\u1ea7u, nh\u1eb1m n\u00e2ng cao gi\u00e1 tr\u1ecb v\u00e0 s\u1ef1 h\u00e0i l\u00f2ng c\u1ee7a kh\u00e1ch h\u00e0ng. Ch\u00fang t\u00f4i t\u1ef1 h\u00e0o l\u00e0 nh\u1eefng chuy\u00ean gia trong l\u0129nh v\u1ef1c s\u1ea3n...\" \/>\n<meta property=\"og:url\" content=\"https:\/\/kernik.com\/vi\/products\/\" \/>\n<meta property=\"og:site_name\" content=\"KERNIK | SURFACE INNOVATION\" \/>\n<meta property=\"article:publisher\" content=\"https:\/\/www.facebook.com\/Kernik.Thailand\" \/>\n<meta property=\"article:modified_time\" content=\"2025-08-06T05:49:48+00:00\" \/>\n<meta property=\"og:image\" content=\"https:\/\/kernik.com\/wp-content\/uploads\/2024\/02\/product-banner-img-scaled.jpg\" \/>\n\t<meta property=\"og:image:width\" content=\"2560\" \/>\n\t<meta property=\"og:image:height\" content=\"761\" \/>\n\t<meta property=\"og:image:type\" content=\"image\/jpeg\" \/>\n<meta name=\"twitter:card\" content=\"summary_large_image\" \/>\n<meta name=\"twitter:label1\" content=\"Est. reading time\" \/>\n\t<meta name=\"twitter:data1\" content=\"1 minute\" \/>\n<script type=\"application\/ld+json\" class=\"yoast-schema-graph\">{\"@context\":\"https:\/\/schema.org\",\"@graph\":[{\"@type\":\"WebPage\",\"@id\":\"https:\/\/kernik.com\/vi\/products\/\",\"url\":\"https:\/\/kernik.com\/vi\/products\/\",\"name\":\"S\u1ea3n Ph\u1ea9m - KERNIK | SURFACE INNOVATION\",\"isPartOf\":{\"@id\":\"https:\/\/kernik.com\/#website\"},\"datePublished\":\"2024-02-04T07:05:37+00:00\",\"dateModified\":\"2025-08-06T05:49:48+00:00\",\"breadcrumb\":{\"@id\":\"https:\/\/kernik.com\/vi\/products\/#breadcrumb\"},\"inLanguage\":\"vi-VN\",\"potentialAction\":[{\"@type\":\"ReadAction\",\"target\":[\"https:\/\/kernik.com\/vi\/products\/\"]}]},{\"@type\":\"BreadcrumbList\",\"@id\":\"https:\/\/kernik.com\/vi\/products\/#breadcrumb\",\"itemListElement\":[{\"@type\":\"ListItem\",\"position\":1,\"name\":\"Home\",\"item\":\"https:\/\/kernik.com\/\"},{\"@type\":\"ListItem\",\"position\":2,\"name\":\"S\u1ea3n Ph\u1ea9m\"}]},{\"@type\":\"WebSite\",\"@id\":\"https:\/\/kernik.com\/#website\",\"url\":\"https:\/\/kernik.com\/\",\"name\":\"KERNIK | SURFACE INNOVATION\",\"description\":\"At KERNIK, we are expert in surface science. By combining the results of latest scientific researches and practical knowledge, we succeed in as the leader in surface innovations worldwide.\",\"potentialAction\":[{\"@type\":\"SearchAction\",\"target\":{\"@type\":\"EntryPoint\",\"urlTemplate\":\"https:\/\/kernik.com\/?s={search_term_string}\"},\"query-input\":\"required name=search_term_string\"}],\"inLanguage\":\"vi-VN\"}]}<\/script>\n<!-- \/ Yoast SEO plugin. -->","yoast_head_json":{"title":"S\u1ea3n Ph\u1ea9m - KERNIK | SURFACE INNOVATION","robots":{"index":"index","follow":"follow","max-snippet":"max-snippet:-1","max-image-preview":"max-image-preview:large","max-video-preview":"max-video-preview:-1"},"canonical":"https:\/\/kernik.com\/vi\/products\/","og_locale":"vi_VN","og_type":"article","og_title":"S\u1ea3n Ph\u1ea9m - KERNIK | SURFACE INNOVATION","og_description":"T\u1ea1i KERNIK, \u0111\u1ed9i ng\u0169 nghi\u00ean c\u1ee9u v\u00e0 ph\u00e1t tri\u1ec3n c\u1ee7a ch\u00fang t\u00f4i lu\u00f4n \u0111\u1eb7t ra nh\u1eefng ti\u00eau chu\u1ea9n cao \u0111\u1ec3 kh\u00f4ng ng\u1eebng t\u1ea1o ra c\u00e1c s\u1ea3n ph\u1ea9m ch\u1ea5t l\u01b0\u1ee3ng h\u00e0ng \u0111\u1ea7u, nh\u1eb1m n\u00e2ng cao gi\u00e1 tr\u1ecb v\u00e0 s\u1ef1 h\u00e0i l\u00f2ng c\u1ee7a kh\u00e1ch h\u00e0ng. Ch\u00fang t\u00f4i t\u1ef1 h\u00e0o l\u00e0 nh\u1eefng chuy\u00ean gia trong l\u0129nh v\u1ef1c s\u1ea3n...","og_url":"https:\/\/kernik.com\/vi\/products\/","og_site_name":"KERNIK | SURFACE INNOVATION","article_publisher":"https:\/\/www.facebook.com\/Kernik.Thailand","article_modified_time":"2025-08-06T05:49:48+00:00","og_image":[{"width":2560,"height":761,"url":"https:\/\/kernik.com\/wp-content\/uploads\/2024\/02\/product-banner-img-scaled.jpg","type":"image\/jpeg"}],"twitter_card":"summary_large_image","twitter_misc":{"Est. reading time":"1 minute"},"schema":{"@context":"https:\/\/schema.org","@graph":[{"@type":"WebPage","@id":"https:\/\/kernik.com\/vi\/products\/","url":"https:\/\/kernik.com\/vi\/products\/","name":"S\u1ea3n Ph\u1ea9m - KERNIK | SURFACE INNOVATION","isPartOf":{"@id":"https:\/\/kernik.com\/#website"},"datePublished":"2024-02-04T07:05:37+00:00","dateModified":"2025-08-06T05:49:48+00:00","breadcrumb":{"@id":"https:\/\/kernik.com\/vi\/products\/#breadcrumb"},"inLanguage":"vi-VN","potentialAction":[{"@type":"ReadAction","target":["https:\/\/kernik.com\/vi\/products\/"]}]},{"@type":"BreadcrumbList","@id":"https:\/\/kernik.com\/vi\/products\/#breadcrumb","itemListElement":[{"@type":"ListItem","position":1,"name":"Home","item":"https:\/\/kernik.com\/"},{"@type":"ListItem","position":2,"name":"S\u1ea3n Ph\u1ea9m"}]},{"@type":"WebSite","@id":"https:\/\/kernik.com\/#website","url":"https:\/\/kernik.com\/","name":"KERNIK | SURFACE INNOVATION","description":"At KERNIK, we are expert in surface science. By combining the results of latest scientific researches and practical knowledge, we succeed in as the leader in surface innovations worldwide.","potentialAction":[{"@type":"SearchAction","target":{"@type":"EntryPoint","urlTemplate":"https:\/\/kernik.com\/?s={search_term_string}"},"query-input":"required name=search_term_string"}],"inLanguage":"vi-VN"}]}},"_links":{"self":[{"href":"https:\/\/kernik.com\/vi\/wp-json\/wp\/v2\/pages\/6828","targetHints":{"allow":["GET"]}}],"collection":[{"href":"https:\/\/kernik.com\/vi\/wp-json\/wp\/v2\/pages"}],"about":[{"href":"https:\/\/kernik.com\/vi\/wp-json\/wp\/v2\/types\/page"}],"author":[{"embeddable":true,"href":"https:\/\/kernik.com\/vi\/wp-json\/wp\/v2\/users\/6"}],"replies":[{"embeddable":true,"href":"https:\/\/kernik.com\/vi\/wp-json\/wp\/v2\/comments?post=6828"}],"version-history":[{"count":2,"href":"https:\/\/kernik.com\/vi\/wp-json\/wp\/v2\/pages\/6828\/revisions"}],"predecessor-version":[{"id":6832,"href":"https:\/\/kernik.com\/vi\/wp-json\/wp\/v2\/pages\/6828\/revisions\/6832"}],"wp:featuredmedia":[{"embeddable":true,"href":"https:\/\/kernik.com\/vi\/wp-json\/wp\/v2\/media\/5575"}],"wp:attachment":[{"href":"https:\/\/kernik.com\/vi\/wp-json\/wp\/v2\/media?parent=6828"}],"curies":[{"name":"wp","href":"https:\/\/api.w.org\/{rel}","templated":true}]}}